{"id":503,"date":"2024-12-17T18:50:15","date_gmt":"2024-12-17T17:50:15","guid":{"rendered":"https:\/\/representgift.com\/home\/"},"modified":"2024-12-19T18:30:21","modified_gmt":"2024-12-19T17:30:21","slug":"home","status":"publish","type":"page","link":"https:\/\/representgift.com\/en\/","title":{"rendered":"Home"},"content":{"rendered":"<p>[et_pb_section fb_built=&#8221;1&#8243; admin_label=&#8221;Cabecera&#8221; _builder_version=&#8221;4.27.4&#8243; _module_preset=&#8221;default&#8221; background_image=&#8221;https:\/\/representgift.com\/wp-content\/uploads\/2024\/12\/20241218-representgift-inicio-portada.jpg&#8221; background_last_edited=&#8221;on|phone&#8221; background_image_phone=&#8221;https:\/\/representgift.com\/wp-content\/uploads\/2024\/12\/20241218-representgift-inicio-portada-mv3.jpg&#8221; background_enable_image_phone=&#8221;on&#8221; background_size_phone=&#8221;cover&#8221; custom_css_main_element=&#8221;\/* 20241218 DRO: Hacer que la secci\u00f3n tenga alto de pantalla completa *\/||height: 100vh;&#8221; global_colors_info=&#8221;{}&#8221; custom_css_main_element_last_edited=&#8221;on|desktop&#8221; custom_css_main_element_tablet=&#8221;\/* 20241218 DRO: Hacer que la secci\u00f3n tenga alto de pantalla completa *\/||height: 100vh;&#8221; custom_css_main_element_phone=&#8221;\/* 20241218 DRO: Hacer que la secci\u00f3n tenga alto de pantalla completa *\/||height: 100vh;&#8221;][et_pb_row _builder_version=&#8221;4.27.4&#8243; _module_preset=&#8221;default&#8221; global_colors_info=&#8221;{}&#8221;][et_pb_column type=&#8221;4_4&#8243; _builder_version=&#8221;4.27.4&#8243; _module_preset=&#8221;default&#8221; global_colors_info=&#8221;{}&#8221;][dsm_typing_effect before_typing_effect=&#8221;Life is a gift&#8230;&#8221; typing_effect=&#8221;Gife the gift of Life&#8221; before_new_line=&#8221;on&#8221; _builder_version=&#8221;4.27.4&#8243; _module_preset=&#8221;default&#8221; header_level=&#8221;h2&#8243; header_font_size=&#8221;60px&#8221; before_text_color=&#8221;#FFFFFF&#8221; typing_text_color=&#8221;#FFFFFF&#8221; custom_margin=&#8221;193px|||||&#8221; custom_margin_tablet=&#8221;&#8221; custom_margin_phone=&#8221;-48px||||false|false&#8221; custom_margin_last_edited=&#8221;on|phone&#8221; custom_padding=&#8221;10px|||||&#8221; custom_padding_tablet=&#8221;10px|||||&#8221; custom_padding_phone=&#8221;0px||||false|false&#8221; custom_padding_last_edited=&#8221;on|phone&#8221; header_text_color_tablet=&#8221;&#8221; header_text_color_phone=&#8221;#000000&#8243; header_text_color_last_edited=&#8221;on|phone&#8221; header_font_size_tablet=&#8221;60px&#8221; header_font_size_phone=&#8221;40px&#8221; header_font_size_last_edited=&#8221;on|phone&#8221; before_text_color_tablet=&#8221;#FFFFFF&#8221; before_text_color_phone=&#8221;#000000&#8243; before_text_color_last_edited=&#8221;on|phone&#8221; typing_text_color_tablet=&#8221;#FFFFFF&#8221; typing_text_color_phone=&#8221;#000000&#8243; typing_text_color_last_edited=&#8221;on|phone&#8221; before_text_shadow_style=&#8221;preset1&#8243; typing_text_shadow_style=&#8221;preset1&#8243; global_colors_info=&#8221;{}&#8221;][\/dsm_typing_effect][\/et_pb_column][\/et_pb_row][\/et_pb_section][et_pb_section fb_built=&#8221;1&#8243; admin_label=&#8221;Servicios&#8221; _builder_version=&#8221;4.27.4&#8243; _module_preset=&#8221;default&#8221; global_colors_info=&#8221;{}&#8221;][et_pb_row column_structure=&#8221;1_3,1_3,1_3&#8243; _builder_version=&#8221;4.27.4&#8243; _module_preset=&#8221;default&#8221; global_colors_info=&#8221;{}&#8221;][et_pb_column type=&#8221;1_3&#8243; _builder_version=&#8221;4.27.4&#8243; _module_preset=&#8221;default&#8221; global_colors_info=&#8221;{}&#8221;][et_pb_blurb title=&#8221;Choose your national or international charitable project&#8221; image=&#8221;https:\/\/representgift.com\/wp-content\/uploads\/2024\/12\/20241218-proyecto-solidario.jpg&#8221; alt=&#8221;Choose your national or international charitable project&#8221; _builder_version=&#8221;4.27.4&#8243; _module_preset=&#8221;default&#8221; global_colors_info=&#8221;{}&#8221;]<\/p>\n<p>Because quality and charity aren\u2019t at odds with each other, Re-present, moved by the conviction that social responsibility concerns everybody, will send, in the client\u2019s name and without additional cost to them, 15 percent of the total amount to the charity projects which they chose in whichever place on the planet. We will advise your clients on the charity projects that we currently collaborate with. With Re-present you\u2019ll surprise twofold by giving both quality and life.<\/p>\n<p>[\/et_pb_blurb][\/et_pb_column][et_pb_column type=&#8221;1_3&#8243; _builder_version=&#8221;4.27.4&#8243; _module_preset=&#8221;default&#8221; global_colors_info=&#8221;{}&#8221;][et_pb_blurb title=&#8221;Personalization exclusive for companies and events&#8221; image=&#8221;https:\/\/representgift.com\/wp-content\/uploads\/2024\/12\/20241218-personalizacion-regalos.jpg&#8221; alt=&#8221;Personalization exclusive for companies and events&#8221; _builder_version=&#8221;4.27.4&#8243; _module_preset=&#8221;default&#8221; global_colors_info=&#8221;{}&#8221;]<\/p>\n<p>Re-PRESENT personalizes the products, adapting them to the needs and tastes of the client. Whether it\u2019s company gifts or gifts for a special event, in our products you can include the logo or name of the client and whatever reference or text relative to the event in question. Likewise, if the client requires it, you could also include the logo of the foundation or association with which you are collaborating with.<\/p>\n<p>[\/et_pb_blurb][\/et_pb_column][et_pb_column type=&#8221;1_3&#8243; _builder_version=&#8221;4.27.4&#8243; _module_preset=&#8221;default&#8221; global_colors_info=&#8221;{}&#8221;][et_pb_blurb title=&#8221;Specialized in Extra Virgin Olive Oil&#8221; image=&#8221;https:\/\/representgift.com\/wp-content\/uploads\/2024\/12\/20241218-aceite-de-oliva.jpg&#8221; alt=&#8221;Specialized in Extra Virgin Olive Oil&#8221; _builder_version=&#8221;4.27.4&#8243; _module_preset=&#8221;default&#8221; global_colors_info=&#8221;{}&#8221;]<\/p>\n<p>Through their experts Re-PRESENT selects the best olive oils in the world, at their optimum moment for consumption. Picking small consignments in oil mills where they develop innovative techniques of production routed in obtaining Extra Virgin Olive Oil of excellent quality at the same time as helping in the conservation of the rural environment. In every olive season we analyse the quality of each variety, the best moment to harvest, so as to offer the client the best possible product. We offer the best Extra Virgin Olive Oils from each country so they may enjoy the tastes of the world.<\/p>\n<p>[\/et_pb_blurb][\/et_pb_column][\/et_pb_row][\/et_pb_section][et_pb_section fb_built=&#8221;1&#8243; _builder_version=&#8221;4.27.4&#8243; _module_preset=&#8221;default&#8221; global_module=&#8221;100&#8243; saved_tabs=&#8221;all&#8221; global_colors_info=&#8221;{}&#8221;][et_pb_row column_structure=&#8221;1_6,1_6,1_6,1_6,1_6,1_6&#8243; _builder_version=&#8221;4.27.4&#8243; _module_preset=&#8221;default&#8221; global_colors_info=&#8221;{}&#8221;][et_pb_column type=&#8221;1_6&#8243; _builder_version=&#8221;4.27.4&#8243; _module_preset=&#8221;default&#8221; global_colors_info=&#8221;{}&#8221;][et_pb_image src=&#8221;https:\/\/representgift.com\/wp-content\/uploads\/2024\/12\/20241218-fero.png&#8221; alt=&#8221;fero: Fundaci\u00f3n de Investigaci\u00f3n Oncol\u00f3gica&#8221; title_text=&#8221;fero: Fundaci\u00f3n de Investigaci\u00f3n Oncol\u00f3gica&#8221; url=&#8221;http:\/\/fero.org\/&#8221; url_new_window=&#8221;on&#8221; _builder_version=&#8221;4.27.4&#8243; _module_preset=&#8221;default&#8221; global_colors_info=&#8221;{}&#8221;][\/et_pb_image][\/et_pb_column][et_pb_column type=&#8221;1_6&#8243; _builder_version=&#8221;4.27.4&#8243; _module_preset=&#8221;default&#8221; global_colors_info=&#8221;{}&#8221;][et_pb_image src=&#8221;https:\/\/representgift.com\/wp-content\/uploads\/2024\/12\/20241218-cris-contra-el-cancer2.png&#8221; alt=&#8221;Cris contra el c\u00e1ncer&#8221; title_text=&#8221;Cris contra el c\u00e1ncer&#8221; url=&#8221;https:\/\/criscancer.org\/es\/&#8221; url_new_window=&#8221;on&#8221; _builder_version=&#8221;4.27.4&#8243; _module_preset=&#8221;default&#8221; hover_enabled=&#8221;0&#8243; global_colors_info=&#8221;{}&#8221; sticky_enabled=&#8221;0&#8243;][\/et_pb_image][\/et_pb_column][et_pb_column type=&#8221;1_6&#8243; _builder_version=&#8221;4.27.4&#8243; _module_preset=&#8221;default&#8221; global_colors_info=&#8221;{}&#8221;][\/et_pb_column][et_pb_column type=&#8221;1_6&#8243; _builder_version=&#8221;4.27.4&#8243; _module_preset=&#8221;default&#8221; global_colors_info=&#8221;{}&#8221;][\/et_pb_column][et_pb_column type=&#8221;1_6&#8243; _builder_version=&#8221;4.27.4&#8243; _module_preset=&#8221;default&#8221; global_colors_info=&#8221;{}&#8221;][\/et_pb_column][et_pb_column type=&#8221;1_6&#8243; _builder_version=&#8221;4.27.4&#8243; _module_preset=&#8221;default&#8221; global_colors_info=&#8221;{}&#8221;][et_pb_image src=&#8221;https:\/\/representgift.com\/wp-content\/uploads\/2024\/12\/20241218-boda-mas-elcorteingles.png&#8221; alt=&#8221;BodaM\u00e1s El Corte Ingl\u00e9s: Proveedor Regsitrado&#8221; title_text=&#8221;BodaM\u00e1s El Corte Ingl\u00e9s: Proveedor Regsitrado&#8221; url=&#8221;http:\/\/www.bodamas.com\/&#8221; url_new_window=&#8221;on&#8221; _builder_version=&#8221;4.27.4&#8243; _module_preset=&#8221;default&#8221; global_colors_info=&#8221;{}&#8221;][\/et_pb_image][\/et_pb_column][\/et_pb_row][et_pb_row _builder_version=&#8221;4.27.4&#8243; _module_preset=&#8221;default&#8221; global_colors_info=&#8221;{}&#8221;][et_pb_column type=&#8221;4_4&#8243; _builder_version=&#8221;4.27.4&#8243; _module_preset=&#8221;default&#8221; global_colors_info=&#8221;{}&#8221;][et_pb_image src=&#8221;https:\/\/representgift.com\/wp-content\/uploads\/2024\/12\/financiado-por-la-union-europea-nextgeneration-eu-.jpg&#8221; alt=&#8221;Financiado por la Uni\u00f3n Europea, NextGeneretionEu, Gobierno de Espa\u00f1a, Ministerio de Industria, Comercio y Turismo, Plan de Recuperaci\u00f3n, Transformaci\u00f3n y Resilencia&#8221; title_text=&#8221;Financiado por la Uni\u00f3n Europea, NextGeneretionEu, Gobierno de Espa\u00f1a, Ministerio de Industria, Comercio y Turismo, Plan de Recuperaci\u00f3n, Transformaci\u00f3n y Resilencia&#8221; _builder_version=&#8221;4.27.4&#8243; _module_preset=&#8221;default&#8221; global_colors_info=&#8221;{}&#8221;][\/et_pb_image][\/et_pb_column][\/et_pb_row][\/et_pb_section]<\/p>\n","protected":false},"excerpt":{"rendered":"<p><div class=\"et_pb_module dsm_typing_effect dsm_typing_effect_0 et_pb_bg_layout_light \">\n\t\t\t\t\n\t\t\t\t\n\t\t\t\t\n\t\t\t\t\n\t\t\t\t\n\t\t\t\t\n\t\t\t\t<div class=\"et_pb_module_inner\">\n\t\t\t\t\t<h2 class=\"dsm-typing-effect et_pb_module_header\" aria-label=\"Gife the gift of Life\"><span class=\"dsm-before-typing-effect\">Life is a gift...<\/span> <br><span class=\"dsm-typing-wrapper\"><span class=\"dsm-typing-strings\">Gife the gift of Life<\/span><span class=\"dsm-typing\" aria-hidden=\"true\" data-dsm-typing-cursor=\"|\" data-dsm-typing-strings=\"Gife the gift of Life\" data-dsm-typing-speed=100ms data-dsm-typing-backspeed=50ms data-dsm-typing-backdelay=700ms data-dsm-typing-loop=true data-dsm-typing-fadeout=false data-dsm-typing-shuffle=false data-dsm-typing-delay=0ms data-dsm-typing-viewport=80% data-dsm-typing-repeat=on><\/span><\/span><\/h2>\n\t\t\t\t<\/div>\n\t\t\t<\/div>Because quality and charity aren\u2019t at odds with each other, Re-present, moved by the conviction that social responsibility concerns everybody, will send, in the client\u2019s name and without additional cost to them, 15 percent of the total amount to the charity projects which they chose in whichever place on the planet. We will advise your clients on the charity projects that we currently collaborate with. With Re-present you\u2019ll surprise twofold by giving both quality and life.Re-PRESENT personalizes the products, adapting them to the needs and tastes of the client. Whether it\u2019s company gifts or gifts for a special event, in our products you can include the logo or name of the client and whatever reference or text relative to the event in question. Likewise, if the client requires it, you could also include the logo of the foundation or association with which you are collaborating with.Through their experts Re-PRESENT selects the best olive oils in the world, at their optimum moment [&hellip;]<\/p>\n","protected":false},"author":2,"featured_media":0,"parent":0,"menu_order":0,"comment_status":"closed","ping_status":"closed","template":"","meta":{"_et_pb_use_builder":"on","_et_pb_old_content":"","_et_gb_content_width":"","footnotes":""},"class_list":["post-503","page","type-page","status-publish","hentry"],"yoast_head":"<!-- This site is optimized with the Yoast SEO plugin v27.1.1 - https:\/\/yoast.com\/product\/yoast-seo-wordpress\/ -->\n<title>Home - Represent Gift<\/title>\n<meta name=\"robots\" content=\"index, follow, max-snippet:-1, max-image-preview:large, max-video-preview:-1\" \/>\n<link rel=\"canonical\" href=\"https:\/\/representgift.com\/en\/home\/\" \/>\n<meta property=\"og:locale\" content=\"en_US\" \/>\n<meta property=\"og:type\" content=\"article\" \/>\n<meta property=\"og:title\" content=\"Home - Represent Gift\" \/>\n<meta property=\"og:description\" content=\"Because quality and charity aren\u2019t at odds with each other, Re-present, moved by the conviction that social responsibility concerns everybody, will send, in the client\u2019s name and without additional cost to them, 15 percent of the total amount to the charity projects which they chose in whichever place on the planet. We will advise your clients on the charity projects that we currently collaborate with. With Re-present you\u2019ll surprise twofold by giving both quality and life.Re-PRESENT personalizes the products, adapting them to the needs and tastes of the client. Whether it\u2019s company gifts or gifts for a special event, in our products you can include the logo or name of the client and whatever reference or text relative to the event in question. Likewise, if the client requires it, you could also include the logo of the foundation or association with which you are collaborating with.Through their experts Re-PRESENT selects the best olive oils in the world, at their optimum moment [&hellip;]\" \/>\n<meta property=\"og:url\" content=\"https:\/\/representgift.com\/en\/home\/\" \/>\n<meta property=\"og:site_name\" content=\"Represent Gift\" \/>\n<meta property=\"article:modified_time\" content=\"2024-12-19T17:30:21+00:00\" \/>\n<meta name=\"twitter:card\" content=\"summary_large_image\" \/>\n<meta name=\"twitter:label1\" content=\"Est. reading time\" \/>\n\t<meta name=\"twitter:data1\" content=\"6 minutes\" \/>\n<script type=\"application\/ld+json\" class=\"yoast-schema-graph\">{\"@context\":\"https:\/\/schema.org\",\"@graph\":[{\"@type\":\"WebPage\",\"@id\":\"https:\/\/representgift.com\/en\/home\/\",\"url\":\"https:\/\/representgift.com\/en\/home\/\",\"name\":\"Home - Represent Gift\",\"isPartOf\":{\"@id\":\"https:\/\/representgift.com\/en\/#website\"},\"datePublished\":\"2024-12-17T17:50:15+00:00\",\"dateModified\":\"2024-12-19T17:30:21+00:00\",\"breadcrumb\":{\"@id\":\"https:\/\/representgift.com\/en\/home\/#breadcrumb\"},\"inLanguage\":\"en-US\",\"potentialAction\":[{\"@type\":\"ReadAction\",\"target\":[\"https:\/\/representgift.com\/en\/home\/\"]}]},{\"@type\":\"BreadcrumbList\",\"@id\":\"https:\/\/representgift.com\/en\/home\/#breadcrumb\",\"itemListElement\":[{\"@type\":\"ListItem\",\"position\":1,\"name\":\"Portada\",\"item\":\"https:\/\/representgift.com\/en\/home\/\"},{\"@type\":\"ListItem\",\"position\":2,\"name\":\"Home\"}]},{\"@type\":\"WebSite\",\"@id\":\"https:\/\/representgift.com\/en\/#website\",\"url\":\"https:\/\/representgift.com\/en\/\",\"name\":\"Represent Gift\",\"description\":\"Corporate Gourmet Gift\",\"publisher\":{\"@id\":\"https:\/\/representgift.com\/en\/#organization\"},\"potentialAction\":[{\"@type\":\"SearchAction\",\"target\":{\"@type\":\"EntryPoint\",\"urlTemplate\":\"https:\/\/representgift.com\/en\/?s={search_term_string}\"},\"query-input\":{\"@type\":\"PropertyValueSpecification\",\"valueRequired\":true,\"valueName\":\"search_term_string\"}}],\"inLanguage\":\"en-US\"},{\"@type\":\"Organization\",\"@id\":\"https:\/\/representgift.com\/en\/#organization\",\"name\":\"Represent Gift\",\"url\":\"https:\/\/representgift.com\/en\/\",\"logo\":{\"@type\":\"ImageObject\",\"inLanguage\":\"en-US\",\"@id\":\"https:\/\/representgift.com\/en\/#\/schema\/logo\/image\/\",\"url\":\"https:\/\/representgift.com\/wp-content\/uploads\/2024\/12\/20241217-represent-gift-logo-300.png\",\"contentUrl\":\"https:\/\/representgift.com\/wp-content\/uploads\/2024\/12\/20241217-represent-gift-logo-300.png\",\"width\":300,\"height\":139,\"caption\":\"Represent Gift\"},\"image\":{\"@id\":\"https:\/\/representgift.com\/en\/#\/schema\/logo\/image\/\"}}]}<\/script>\n<!-- \/ Yoast SEO plugin. -->","yoast_head_json":{"title":"Home - Represent Gift","robots":{"index":"index","follow":"follow","max-snippet":"max-snippet:-1","max-image-preview":"max-image-preview:large","max-video-preview":"max-video-preview:-1"},"canonical":"https:\/\/representgift.com\/en\/home\/","og_locale":"en_US","og_type":"article","og_title":"Home - Represent Gift","og_description":"Because quality and charity aren\u2019t at odds with each other, Re-present, moved by the conviction that social responsibility concerns everybody, will send, in the client\u2019s name and without additional cost to them, 15 percent of the total amount to the charity projects which they chose in whichever place on the planet. We will advise your clients on the charity projects that we currently collaborate with. With Re-present you\u2019ll surprise twofold by giving both quality and life.Re-PRESENT personalizes the products, adapting them to the needs and tastes of the client. Whether it\u2019s company gifts or gifts for a special event, in our products you can include the logo or name of the client and whatever reference or text relative to the event in question. Likewise, if the client requires it, you could also include the logo of the foundation or association with which you are collaborating with.Through their experts Re-PRESENT selects the best olive oils in the world, at their optimum moment [&hellip;]","og_url":"https:\/\/representgift.com\/en\/home\/","og_site_name":"Represent Gift","article_modified_time":"2024-12-19T17:30:21+00:00","twitter_card":"summary_large_image","twitter_misc":{"Est. reading time":"6 minutes"},"schema":{"@context":"https:\/\/schema.org","@graph":[{"@type":"WebPage","@id":"https:\/\/representgift.com\/en\/home\/","url":"https:\/\/representgift.com\/en\/home\/","name":"Home - Represent Gift","isPartOf":{"@id":"https:\/\/representgift.com\/en\/#website"},"datePublished":"2024-12-17T17:50:15+00:00","dateModified":"2024-12-19T17:30:21+00:00","breadcrumb":{"@id":"https:\/\/representgift.com\/en\/home\/#breadcrumb"},"inLanguage":"en-US","potentialAction":[{"@type":"ReadAction","target":["https:\/\/representgift.com\/en\/home\/"]}]},{"@type":"BreadcrumbList","@id":"https:\/\/representgift.com\/en\/home\/#breadcrumb","itemListElement":[{"@type":"ListItem","position":1,"name":"Portada","item":"https:\/\/representgift.com\/en\/home\/"},{"@type":"ListItem","position":2,"name":"Home"}]},{"@type":"WebSite","@id":"https:\/\/representgift.com\/en\/#website","url":"https:\/\/representgift.com\/en\/","name":"Represent Gift","description":"Corporate Gourmet Gift","publisher":{"@id":"https:\/\/representgift.com\/en\/#organization"},"potentialAction":[{"@type":"SearchAction","target":{"@type":"EntryPoint","urlTemplate":"https:\/\/representgift.com\/en\/?s={search_term_string}"},"query-input":{"@type":"PropertyValueSpecification","valueRequired":true,"valueName":"search_term_string"}}],"inLanguage":"en-US"},{"@type":"Organization","@id":"https:\/\/representgift.com\/en\/#organization","name":"Represent Gift","url":"https:\/\/representgift.com\/en\/","logo":{"@type":"ImageObject","inLanguage":"en-US","@id":"https:\/\/representgift.com\/en\/#\/schema\/logo\/image\/","url":"https:\/\/representgift.com\/wp-content\/uploads\/2024\/12\/20241217-represent-gift-logo-300.png","contentUrl":"https:\/\/representgift.com\/wp-content\/uploads\/2024\/12\/20241217-represent-gift-logo-300.png","width":300,"height":139,"caption":"Represent Gift"},"image":{"@id":"https:\/\/representgift.com\/en\/#\/schema\/logo\/image\/"}}]}},"_links":{"self":[{"href":"https:\/\/representgift.com\/en\/wp-json\/wp\/v2\/pages\/503","targetHints":{"allow":["GET"]}}],"collection":[{"href":"https:\/\/representgift.com\/en\/wp-json\/wp\/v2\/pages"}],"about":[{"href":"https:\/\/representgift.com\/en\/wp-json\/wp\/v2\/types\/page"}],"author":[{"embeddable":true,"href":"https:\/\/representgift.com\/en\/wp-json\/wp\/v2\/users\/2"}],"replies":[{"embeddable":true,"href":"https:\/\/representgift.com\/en\/wp-json\/wp\/v2\/comments?post=503"}],"version-history":[{"count":2,"href":"https:\/\/representgift.com\/en\/wp-json\/wp\/v2\/pages\/503\/revisions"}],"predecessor-version":[{"id":505,"href":"https:\/\/representgift.com\/en\/wp-json\/wp\/v2\/pages\/503\/revisions\/505"}],"wp:attachment":[{"href":"https:\/\/representgift.com\/en\/wp-json\/wp\/v2\/media?parent=503"}],"curies":[{"name":"wp","href":"https:\/\/api.w.org\/{rel}","templated":true}]}}