{"id":512,"date":"2024-12-17T18:36:23","date_gmt":"2024-12-17T17:36:23","guid":{"rendered":"https:\/\/representgift.com\/our-products\/events-range\/"},"modified":"2024-12-19T18:36:48","modified_gmt":"2024-12-19T17:36:48","slug":"events-range","status":"publish","type":"page","link":"https:\/\/representgift.com\/en\/our-products\/events-range\/","title":{"rendered":"Events range"},"content":{"rendered":"<p>[et_pb_section fb_built=&#8221;1&#8243; custom_padding_last_edited=&#8221;off|phone&#8221; admin_label=&#8221;Cabecera&#8221; _builder_version=&#8221;4.27.4&#8243; _module_preset=&#8221;default&#8221; background_color=&#8221;#EB6178&#8243; background_enable_image=&#8221;off&#8221; custom_padding=&#8221;0px||0px||true|false&#8221; custom_padding_tablet=&#8221;90px||90px||true|false&#8221; custom_padding_phone=&#8221;90px||90px||true|false&#8221; background_last_edited=&#8221;off|desktop&#8221; background_enable_image_tablet=&#8221;off&#8221; background_enable_image_phone=&#8221;off&#8221; background_size_phone=&#8221;contain&#8221; background_position_phone=&#8221;center&#8221; global_colors_info=&#8221;{}&#8221; theme_builder_area=&#8221;post_content&#8221;][et_pb_row column_structure=&#8221;1_3,2_3&#8243; _builder_version=&#8221;4.27.4&#8243; _module_preset=&#8221;default&#8221; global_colors_info=&#8221;{}&#8221; theme_builder_area=&#8221;post_content&#8221;][et_pb_column type=&#8221;1_3&#8243; _builder_version=&#8221;4.27.4&#8243; _module_preset=&#8221;default&#8221; global_colors_info=&#8221;{}&#8221; theme_builder_area=&#8221;post_content&#8221;][\/et_pb_column][et_pb_column type=&#8221;2_3&#8243; _builder_version=&#8221;4.27.4&#8243; _module_preset=&#8221;default&#8221; global_colors_info=&#8221;{}&#8221; theme_builder_area=&#8221;post_content&#8221;][et_pb_text _builder_version=&#8221;4.27.4&#8243; _module_preset=&#8221;default&#8221; header_text_align=&#8221;left&#8221; header_text_color=&#8221;#FFFFFF&#8221; header_font_size=&#8221;80px&#8221; background_enable_image=&#8221;off&#8221; custom_margin=&#8221;||-5px|||&#8221; custom_margin_tablet=&#8221;||-5px|||&#8221; custom_margin_phone=&#8221;|10px|0px|10px|false|true&#8221; custom_margin_last_edited=&#8221;on|phone&#8221; custom_padding_tablet=&#8221;||90px||false|false&#8221; custom_padding_phone=&#8221;||0px||false|false&#8221; custom_padding_last_edited=&#8221;off|desktop&#8221; hover_enabled=&#8221;0&#8243; header_text_align_tablet=&#8221;right&#8221; header_text_align_phone=&#8221;left&#8221; header_text_align_last_edited=&#8221;off|phone&#8221; header_font_size_tablet=&#8221;80px&#8221; header_font_size_phone=&#8221;60px&#8221; header_font_size_last_edited=&#8221;on|phone&#8221; text_text_shadow_style=&#8221;preset1&#8243; global_colors_info=&#8221;{}&#8221; theme_builder_area=&#8221;post_content&#8221; sticky_enabled=&#8221;0&#8243;]<\/p>\n<h1>Events range<\/h1>\n<p>[\/et_pb_text][\/et_pb_column][\/et_pb_row][et_pb_row custom_padding_last_edited=&#8221;on|phone&#8221; _builder_version=&#8221;4.27.4&#8243; _module_preset=&#8221;default&#8221; width=&#8221;100%&#8221; max_width=&#8221;100%&#8221; custom_margin_tablet=&#8221;-50px||||false|false&#8221; custom_margin_phone=&#8221;-50px||||false|false&#8221; custom_margin_last_edited=&#8221;on|tablet&#8221; custom_padding_tablet=&#8221;0px||||false|false&#8221; custom_padding_phone=&#8221;0px||||false|false&#8221; global_colors_info=&#8221;{}&#8221; theme_builder_area=&#8221;post_content&#8221;][et_pb_column type=&#8221;4_4&#8243; _builder_version=&#8221;4.27.4&#8243; _module_preset=&#8221;default&#8221; global_colors_info=&#8221;{}&#8221; theme_builder_area=&#8221;post_content&#8221;][et_pb_image src=&#8221;https:\/\/representgift.com\/wp-content\/uploads\/2024\/12\/20241219-separador-rgb.png&#8221; alt=&#8221; &#8221; title_text=&#8221; &#8221; _builder_version=&#8221;4.27.4&#8243; _module_preset=&#8221;default&#8221; custom_margin=&#8221;-166px||||false|false&#8221; custom_margin_tablet=&#8221;0px||||false|false&#8221; custom_margin_phone=&#8221;0px||||false|false&#8221; custom_margin_last_edited=&#8221;on|tablet&#8221; custom_padding=&#8221;0px|||||&#8221; global_colors_info=&#8221;{}&#8221; theme_builder_area=&#8221;post_content&#8221;][\/et_pb_image][\/et_pb_column][\/et_pb_row][\/et_pb_section][et_pb_section fb_built=&#8221;1&#8243; admin_label=&#8221;Capacidades&#8221; _builder_version=&#8221;4.27.4&#8243; _module_preset=&#8221;default&#8221; global_colors_info=&#8221;{}&#8221;][et_pb_row _builder_version=&#8221;4.27.4&#8243; _module_preset=&#8221;default&#8221; global_colors_info=&#8221;{}&#8221;][et_pb_column type=&#8221;4_4&#8243; _builder_version=&#8221;4.27.4&#8243; _module_preset=&#8221;default&#8221; global_colors_info=&#8221;{}&#8221;][et_pb_image src=&#8221;https:\/\/representgift.com\/wp-content\/uploads\/2024\/12\/20241217-represent-gift-logo-300.png&#8221; alt=&#8221;Represent Gift&#8221; title_text=&#8221;Represent Gift&#8221; align=&#8221;center&#8221; _builder_version=&#8221;4.27.4&#8243; _module_preset=&#8221;default&#8221; custom_margin=&#8221;||2px|||&#8221; global_colors_info=&#8221;{}&#8221;][\/et_pb_image][et_pb_text _builder_version=&#8221;4.27.4&#8243; _module_preset=&#8221;default&#8221; text_font=&#8221;|||on|||||&#8221; text_text_color=&#8221;#EB6178&#8243; header_3_text_align=&#8221;center&#8221; header_3_text_color=&#8221;#EB6178&#8243; global_colors_info=&#8221;{}&#8221;]<\/p>\n<h3>Little cans<\/h3>\n<p>[\/et_pb_text][et_pb_image src=&#8221;https:\/\/representgift.com\/wp-content\/uploads\/2024\/12\/latitas2.jpg&#8221; alt=&#8221;Events range: little cans&#8221; title_text=&#8221;Events range: little cans&#8221; _builder_version=&#8221;4.27.4&#8243; _module_preset=&#8221;default&#8221; global_colors_info=&#8221;{}&#8221;][\/et_pb_image][\/et_pb_column][\/et_pb_row][\/et_pb_section][et_pb_section fb_built=&#8221;1&#8243; admin_label=&#8221;Personalizaci\u00f3n&#8221; _builder_version=&#8221;4.27.4&#8243; _module_preset=&#8221;default&#8221; global_colors_info=&#8221;{}&#8221;][et_pb_row _builder_version=&#8221;4.27.4&#8243; _module_preset=&#8221;default&#8221; global_colors_info=&#8221;{}&#8221;][et_pb_column type=&#8221;4_4&#8243; _builder_version=&#8221;4.27.4&#8243; _module_preset=&#8221;default&#8221; global_colors_info=&#8221;{}&#8221;][et_pb_image src=&#8221;https:\/\/representgift.com\/wp-content\/uploads\/2024\/12\/20241217-represent-gift-logo-300.png&#8221; alt=&#8221;Represent Gift&#8221; title_text=&#8221;Represent Gift&#8221; align=&#8221;center&#8221; _builder_version=&#8221;4.27.4&#8243; _module_preset=&#8221;default&#8221; custom_margin=&#8221;||2px|||&#8221; global_colors_info=&#8221;{}&#8221;][\/et_pb_image][\/et_pb_column][\/et_pb_row][et_pb_row column_structure=&#8221;1_4,1_4,1_4,1_4&#8243; _builder_version=&#8221;4.27.4&#8243; _module_preset=&#8221;default&#8221; global_colors_info=&#8221;{}&#8221;][et_pb_column type=&#8221;1_4&#8243; _builder_version=&#8221;4.27.4&#8243; _module_preset=&#8221;default&#8221; global_colors_info=&#8221;{}&#8221;][et_pb_image src=&#8221;https:\/\/representgift.com\/wp-content\/uploads\/2024\/12\/gama-eventos-rega01.jpg&#8221; alt=&#8221;Events range: the gift of life 375 ml&#8221; title_text=&#8221;Events range: the gift of life 375 ml&#8221; align=&#8221;center&#8221; _builder_version=&#8221;4.27.4&#8243; _module_preset=&#8221;default&#8221; global_colors_info=&#8221;{}&#8221;][\/et_pb_image][et_pb_text _builder_version=&#8221;4.27.4&#8243; _module_preset=&#8221;default&#8221; text_orientation=&#8221;center&#8221; global_colors_info=&#8221;{}&#8221;]<\/p>\n<p>The gift of life<br \/>375 ml <\/p>\n<p>[\/et_pb_text][\/et_pb_column][et_pb_column type=&#8221;1_4&#8243; _builder_version=&#8221;4.27.4&#8243; _module_preset=&#8221;default&#8221; global_colors_info=&#8221;{}&#8221;][et_pb_image src=&#8221;https:\/\/representgift.com\/wp-content\/uploads\/2024\/12\/gama-eventos-aom02-1.jpg&#8221; alt=&#8221;Events range: Evoo of the world 200 ml&#8221; title_text=&#8221;Events range: Evoo of the world 200 ml&#8221; align=&#8221;center&#8221; _builder_version=&#8221;4.27.4&#8243; _module_preset=&#8221;default&#8221; global_colors_info=&#8221;{}&#8221;][\/et_pb_image][et_pb_text _builder_version=&#8221;4.27.4&#8243; _module_preset=&#8221;default&#8221; text_orientation=&#8221;center&#8221; global_colors_info=&#8221;{}&#8221;]<\/p>\n<p>EVOO of the world<br \/>200 ml<\/p>\n<p>[\/et_pb_text][\/et_pb_column][et_pb_column type=&#8221;1_4&#8243; _builder_version=&#8221;4.27.4&#8243; _module_preset=&#8221;default&#8221; global_colors_info=&#8221;{}&#8221;][et_pb_image src=&#8221;https:\/\/representgift.com\/wp-content\/uploads\/2024\/12\/gama-eventos-repres03-1.jpg&#8221; alt=&#8221;Events range: REPRESENT 250 ml&#8221; title_text=&#8221;Events range: REPRESENT 250 ml&#8221; align=&#8221;center&#8221; _builder_version=&#8221;4.27.4&#8243; _module_preset=&#8221;default&#8221; global_colors_info=&#8221;{}&#8221;][\/et_pb_image][et_pb_text _builder_version=&#8221;4.27.4&#8243; _module_preset=&#8221;default&#8221; text_orientation=&#8221;center&#8221; global_colors_info=&#8221;{}&#8221;]<\/p>\n<p>REPRESENT<br \/>250 ml<\/p>\n<p>[\/et_pb_text][\/et_pb_column][et_pb_column type=&#8221;1_4&#8243; _builder_version=&#8221;4.27.4&#8243; _module_preset=&#8221;default&#8221; global_colors_info=&#8221;{}&#8221;][et_pb_image src=&#8221;https:\/\/representgift.com\/wp-content\/uploads\/2024\/12\/gama-eventos-glamour-1.jpg&#8221; alt=&#8221;Events range: GLAMOUR 100 ml&#8221; title_text=&#8221;Events range: GLAMOUR 100 ml&#8221; align=&#8221;center&#8221; _builder_version=&#8221;4.27.4&#8243; _module_preset=&#8221;default&#8221; global_colors_info=&#8221;{}&#8221;][\/et_pb_image][et_pb_text _builder_version=&#8221;4.27.4&#8243; _module_preset=&#8221;default&#8221; text_orientation=&#8221;center&#8221; global_colors_info=&#8221;{}&#8221;]<\/p>\n<p>GLAMOUR<br \/>100 ml<\/p>\n<p>[\/et_pb_text][\/et_pb_column][\/et_pb_row][\/et_pb_section][et_pb_section fb_built=&#8221;1&#8243; _builder_version=&#8221;4.27.4&#8243; _module_preset=&#8221;default&#8221; global_module=&#8221;100&#8243; saved_tabs=&#8221;all&#8221; global_colors_info=&#8221;{}&#8221;][et_pb_row column_structure=&#8221;1_6,1_6,1_6,1_6,1_6,1_6&#8243; _builder_version=&#8221;4.27.4&#8243; _module_preset=&#8221;default&#8221; global_colors_info=&#8221;{}&#8221;][et_pb_column type=&#8221;1_6&#8243; _builder_version=&#8221;4.27.4&#8243; _module_preset=&#8221;default&#8221; global_colors_info=&#8221;{}&#8221;][et_pb_image src=&#8221;https:\/\/representgift.com\/wp-content\/uploads\/2024\/12\/20241218-fero.png&#8221; alt=&#8221;fero: Fundaci\u00f3n de Investigaci\u00f3n Oncol\u00f3gica&#8221; title_text=&#8221;fero: Fundaci\u00f3n de Investigaci\u00f3n Oncol\u00f3gica&#8221; url=&#8221;http:\/\/fero.org\/&#8221; url_new_window=&#8221;on&#8221; _builder_version=&#8221;4.27.4&#8243; _module_preset=&#8221;default&#8221; global_colors_info=&#8221;{}&#8221;][\/et_pb_image][\/et_pb_column][et_pb_column type=&#8221;1_6&#8243; _builder_version=&#8221;4.27.4&#8243; _module_preset=&#8221;default&#8221; global_colors_info=&#8221;{}&#8221;][et_pb_image src=&#8221;https:\/\/representgift.com\/wp-content\/uploads\/2024\/12\/20241218-cris-contra-el-cancer2.png&#8221; alt=&#8221;Cris contra el c\u00e1ncer&#8221; title_text=&#8221;Cris contra el c\u00e1ncer&#8221; url=&#8221;https:\/\/criscancer.org\/es\/&#8221; url_new_window=&#8221;on&#8221; _builder_version=&#8221;4.27.4&#8243; _module_preset=&#8221;default&#8221; global_colors_info=&#8221;{}&#8221;][\/et_pb_image][\/et_pb_column][et_pb_column type=&#8221;1_6&#8243; _builder_version=&#8221;4.27.4&#8243; _module_preset=&#8221;default&#8221; global_colors_info=&#8221;{}&#8221;][\/et_pb_column][et_pb_column type=&#8221;1_6&#8243; _builder_version=&#8221;4.27.4&#8243; _module_preset=&#8221;default&#8221; global_colors_info=&#8221;{}&#8221;][\/et_pb_column][et_pb_column type=&#8221;1_6&#8243; _builder_version=&#8221;4.27.4&#8243; _module_preset=&#8221;default&#8221; global_colors_info=&#8221;{}&#8221;][\/et_pb_column][et_pb_column type=&#8221;1_6&#8243; _builder_version=&#8221;4.27.4&#8243; _module_preset=&#8221;default&#8221; global_colors_info=&#8221;{}&#8221;][et_pb_image src=&#8221;https:\/\/representgift.com\/wp-content\/uploads\/2024\/12\/20241218-boda-mas-elcorteingles.png&#8221; alt=&#8221;BodaM\u00e1s El Corte Ingl\u00e9s: Proveedor Regsitrado&#8221; title_text=&#8221;BodaM\u00e1s El Corte Ingl\u00e9s: Proveedor Regsitrado&#8221; url=&#8221;http:\/\/www.bodamas.com\/&#8221; url_new_window=&#8221;on&#8221; _builder_version=&#8221;4.27.4&#8243; _module_preset=&#8221;default&#8221; global_colors_info=&#8221;{}&#8221;][\/et_pb_image][\/et_pb_column][\/et_pb_row][et_pb_row _builder_version=&#8221;4.27.4&#8243; _module_preset=&#8221;default&#8221; global_colors_info=&#8221;{}&#8221;][et_pb_column type=&#8221;4_4&#8243; _builder_version=&#8221;4.27.4&#8243; _module_preset=&#8221;default&#8221; global_colors_info=&#8221;{}&#8221;][et_pb_image src=&#8221;https:\/\/representgift.com\/wp-content\/uploads\/2024\/12\/financiado-por-la-union-europea-nextgeneration-eu-.jpg&#8221; alt=&#8221;Financiado por la Uni\u00f3n Europea, NextGeneretionEu, Gobierno de Espa\u00f1a, Ministerio de Industria, Comercio y Turismo, Plan de Recuperaci\u00f3n, Transformaci\u00f3n y Resilencia&#8221; title_text=&#8221;Financiado por la Uni\u00f3n Europea, NextGeneretionEu, Gobierno de Espa\u00f1a, Ministerio de Industria, Comercio y Turismo, Plan de Recuperaci\u00f3n, Transformaci\u00f3n y Resilencia&#8221; _builder_version=&#8221;4.27.4&#8243; _module_preset=&#8221;default&#8221; global_colors_info=&#8221;{}&#8221;][\/et_pb_image][\/et_pb_column][\/et_pb_row][\/et_pb_section]<\/p>\n","protected":false},"excerpt":{"rendered":"<p>Events rangeLittle cansThe gift of life375 ml EVOO of the world200 mlREPRESENT250 mlGLAMOUR100 ml<\/p>\n","protected":false},"author":2,"featured_media":0,"parent":506,"menu_order":0,"comment_status":"closed","ping_status":"closed","template":"","meta":{"_et_pb_use_builder":"on","_et_pb_old_content":"","_et_gb_content_width":"","footnotes":""},"class_list":["post-512","page","type-page","status-publish","hentry"],"yoast_head":"<!-- This site is optimized with the Yoast SEO plugin v27.1.1 - https:\/\/yoast.com\/product\/yoast-seo-wordpress\/ -->\n<title>Events range - Represent Gift<\/title>\n<meta name=\"robots\" content=\"index, follow, max-snippet:-1, max-image-preview:large, max-video-preview:-1\" \/>\n<link rel=\"canonical\" href=\"https:\/\/representgift.com\/en\/our-products\/events-range\/\" \/>\n<meta property=\"og:locale\" content=\"en_US\" \/>\n<meta property=\"og:type\" content=\"article\" \/>\n<meta property=\"og:title\" content=\"Events range - Represent Gift\" \/>\n<meta property=\"og:description\" content=\"Events rangeLittle cansThe gift of life375 ml EVOO of the world200 mlREPRESENT250 mlGLAMOUR100 ml\" \/>\n<meta property=\"og:url\" content=\"https:\/\/representgift.com\/en\/our-products\/events-range\/\" \/>\n<meta property=\"og:site_name\" content=\"Represent Gift\" \/>\n<meta property=\"article:modified_time\" content=\"2024-12-19T17:36:48+00:00\" \/>\n<meta name=\"twitter:card\" content=\"summary_large_image\" \/>\n<meta name=\"twitter:label1\" content=\"Est. reading time\" \/>\n\t<meta name=\"twitter:data1\" content=\"7 minutes\" \/>\n<script type=\"application\/ld+json\" class=\"yoast-schema-graph\">{\"@context\":\"https:\/\/schema.org\",\"@graph\":[{\"@type\":\"WebPage\",\"@id\":\"https:\/\/representgift.com\/en\/our-products\/events-range\/\",\"url\":\"https:\/\/representgift.com\/en\/our-products\/events-range\/\",\"name\":\"Events range - Represent Gift\",\"isPartOf\":{\"@id\":\"https:\/\/representgift.com\/en\/#website\"},\"datePublished\":\"2024-12-17T17:36:23+00:00\",\"dateModified\":\"2024-12-19T17:36:48+00:00\",\"breadcrumb\":{\"@id\":\"https:\/\/representgift.com\/en\/our-products\/events-range\/#breadcrumb\"},\"inLanguage\":\"en-US\",\"potentialAction\":[{\"@type\":\"ReadAction\",\"target\":[\"https:\/\/representgift.com\/en\/our-products\/events-range\/\"]}]},{\"@type\":\"BreadcrumbList\",\"@id\":\"https:\/\/representgift.com\/en\/our-products\/events-range\/#breadcrumb\",\"itemListElement\":[{\"@type\":\"ListItem\",\"position\":1,\"name\":\"Portada\",\"item\":\"https:\/\/representgift.com\/en\/home\/\"},{\"@type\":\"ListItem\",\"position\":2,\"name\":\"Our Products\",\"item\":\"https:\/\/representgift.com\/en\/our-products\/\"},{\"@type\":\"ListItem\",\"position\":3,\"name\":\"Events range\"}]},{\"@type\":\"WebSite\",\"@id\":\"https:\/\/representgift.com\/en\/#website\",\"url\":\"https:\/\/representgift.com\/en\/\",\"name\":\"Represent Gift\",\"description\":\"Corporate Gourmet Gift\",\"publisher\":{\"@id\":\"https:\/\/representgift.com\/en\/#organization\"},\"potentialAction\":[{\"@type\":\"SearchAction\",\"target\":{\"@type\":\"EntryPoint\",\"urlTemplate\":\"https:\/\/representgift.com\/en\/?s={search_term_string}\"},\"query-input\":{\"@type\":\"PropertyValueSpecification\",\"valueRequired\":true,\"valueName\":\"search_term_string\"}}],\"inLanguage\":\"en-US\"},{\"@type\":\"Organization\",\"@id\":\"https:\/\/representgift.com\/en\/#organization\",\"name\":\"Represent Gift\",\"url\":\"https:\/\/representgift.com\/en\/\",\"logo\":{\"@type\":\"ImageObject\",\"inLanguage\":\"en-US\",\"@id\":\"https:\/\/representgift.com\/en\/#\/schema\/logo\/image\/\",\"url\":\"https:\/\/representgift.com\/wp-content\/uploads\/2024\/12\/20241217-represent-gift-logo-300.png\",\"contentUrl\":\"https:\/\/representgift.com\/wp-content\/uploads\/2024\/12\/20241217-represent-gift-logo-300.png\",\"width\":300,\"height\":139,\"caption\":\"Represent Gift\"},\"image\":{\"@id\":\"https:\/\/representgift.com\/en\/#\/schema\/logo\/image\/\"}}]}<\/script>\n<!-- \/ Yoast SEO plugin. -->","yoast_head_json":{"title":"Events range - Represent Gift","robots":{"index":"index","follow":"follow","max-snippet":"max-snippet:-1","max-image-preview":"max-image-preview:large","max-video-preview":"max-video-preview:-1"},"canonical":"https:\/\/representgift.com\/en\/our-products\/events-range\/","og_locale":"en_US","og_type":"article","og_title":"Events range - Represent Gift","og_description":"Events rangeLittle cansThe gift of life375 ml EVOO of the world200 mlREPRESENT250 mlGLAMOUR100 ml","og_url":"https:\/\/representgift.com\/en\/our-products\/events-range\/","og_site_name":"Represent Gift","article_modified_time":"2024-12-19T17:36:48+00:00","twitter_card":"summary_large_image","twitter_misc":{"Est. reading time":"7 minutes"},"schema":{"@context":"https:\/\/schema.org","@graph":[{"@type":"WebPage","@id":"https:\/\/representgift.com\/en\/our-products\/events-range\/","url":"https:\/\/representgift.com\/en\/our-products\/events-range\/","name":"Events range - Represent Gift","isPartOf":{"@id":"https:\/\/representgift.com\/en\/#website"},"datePublished":"2024-12-17T17:36:23+00:00","dateModified":"2024-12-19T17:36:48+00:00","breadcrumb":{"@id":"https:\/\/representgift.com\/en\/our-products\/events-range\/#breadcrumb"},"inLanguage":"en-US","potentialAction":[{"@type":"ReadAction","target":["https:\/\/representgift.com\/en\/our-products\/events-range\/"]}]},{"@type":"BreadcrumbList","@id":"https:\/\/representgift.com\/en\/our-products\/events-range\/#breadcrumb","itemListElement":[{"@type":"ListItem","position":1,"name":"Portada","item":"https:\/\/representgift.com\/en\/home\/"},{"@type":"ListItem","position":2,"name":"Our Products","item":"https:\/\/representgift.com\/en\/our-products\/"},{"@type":"ListItem","position":3,"name":"Events range"}]},{"@type":"WebSite","@id":"https:\/\/representgift.com\/en\/#website","url":"https:\/\/representgift.com\/en\/","name":"Represent Gift","description":"Corporate Gourmet Gift","publisher":{"@id":"https:\/\/representgift.com\/en\/#organization"},"potentialAction":[{"@type":"SearchAction","target":{"@type":"EntryPoint","urlTemplate":"https:\/\/representgift.com\/en\/?s={search_term_string}"},"query-input":{"@type":"PropertyValueSpecification","valueRequired":true,"valueName":"search_term_string"}}],"inLanguage":"en-US"},{"@type":"Organization","@id":"https:\/\/representgift.com\/en\/#organization","name":"Represent Gift","url":"https:\/\/representgift.com\/en\/","logo":{"@type":"ImageObject","inLanguage":"en-US","@id":"https:\/\/representgift.com\/en\/#\/schema\/logo\/image\/","url":"https:\/\/representgift.com\/wp-content\/uploads\/2024\/12\/20241217-represent-gift-logo-300.png","contentUrl":"https:\/\/representgift.com\/wp-content\/uploads\/2024\/12\/20241217-represent-gift-logo-300.png","width":300,"height":139,"caption":"Represent Gift"},"image":{"@id":"https:\/\/representgift.com\/en\/#\/schema\/logo\/image\/"}}]}},"_links":{"self":[{"href":"https:\/\/representgift.com\/en\/wp-json\/wp\/v2\/pages\/512","targetHints":{"allow":["GET"]}}],"collection":[{"href":"https:\/\/representgift.com\/en\/wp-json\/wp\/v2\/pages"}],"about":[{"href":"https:\/\/representgift.com\/en\/wp-json\/wp\/v2\/types\/page"}],"author":[{"embeddable":true,"href":"https:\/\/representgift.com\/en\/wp-json\/wp\/v2\/users\/2"}],"replies":[{"embeddable":true,"href":"https:\/\/representgift.com\/en\/wp-json\/wp\/v2\/comments?post=512"}],"version-history":[{"count":2,"href":"https:\/\/representgift.com\/en\/wp-json\/wp\/v2\/pages\/512\/revisions"}],"predecessor-version":[{"id":514,"href":"https:\/\/representgift.com\/en\/wp-json\/wp\/v2\/pages\/512\/revisions\/514"}],"up":[{"embeddable":true,"href":"https:\/\/representgift.com\/en\/wp-json\/wp\/v2\/pages\/506"}],"wp:attachment":[{"href":"https:\/\/representgift.com\/en\/wp-json\/wp\/v2\/media?parent=512"}],"curies":[{"name":"wp","href":"https:\/\/api.w.org\/{rel}","templated":true}]}}