{"id":522,"date":"2024-12-17T18:37:08","date_gmt":"2024-12-17T17:37:08","guid":{"rendered":"https:\/\/representgift.com\/services\/"},"modified":"2024-12-19T19:01:38","modified_gmt":"2024-12-19T18:01:38","slug":"services","status":"publish","type":"page","link":"https:\/\/representgift.com\/en\/services\/","title":{"rendered":"Services"},"content":{"rendered":"<p>[et_pb_section fb_built=&#8221;1&#8243; custom_padding_last_edited=&#8221;off|phone&#8221; admin_label=&#8221;Cabecera&#8221; _builder_version=&#8221;4.27.4&#8243; _module_preset=&#8221;default&#8221; background_enable_color=&#8221;off&#8221; background_image=&#8221;https:\/\/representgift.com\/wp-content\/uploads\/2024\/12\/20241218-portada-servicios.jpg&#8221; custom_padding=&#8221;50px||50px||true|false&#8221; custom_padding_tablet=&#8221;90px||90px||true|false&#8221; custom_padding_phone=&#8221;90px||90px||true|false&#8221; background_last_edited=&#8221;off|desktop&#8221; background_enable_image_tablet=&#8221;off&#8221; background_enable_image_phone=&#8221;off&#8221; background_size_phone=&#8221;contain&#8221; background_position_phone=&#8221;center&#8221; global_colors_info=&#8221;{}&#8221;][et_pb_row _builder_version=&#8221;4.27.4&#8243; _module_preset=&#8221;default&#8221; width=&#8221;100%&#8221; max_width=&#8221;100%&#8221; global_colors_info=&#8221;{}&#8221;][et_pb_column type=&#8221;4_4&#8243; _builder_version=&#8221;4.27.4&#8243; _module_preset=&#8221;default&#8221; global_colors_info=&#8221;{}&#8221;][et_pb_text _builder_version=&#8221;4.27.4&#8243; _module_preset=&#8221;default&#8221; header_text_align=&#8221;center&#8221; header_text_color=&#8221;#000000&#8243; header_font_size=&#8221;80px&#8221; background_enable_image=&#8221;off&#8221; custom_margin=&#8221;||-5px|||&#8221; custom_margin_tablet=&#8221;||-5px|||&#8221; custom_margin_phone=&#8221;|10px|0px|10px|false|true&#8221; custom_margin_last_edited=&#8221;on|phone&#8221; custom_padding_tablet=&#8221;||90px||false|false&#8221; custom_padding_phone=&#8221;||0px||false|false&#8221; custom_padding_last_edited=&#8221;off|desktop&#8221; header_text_align_tablet=&#8221;right&#8221; header_text_align_phone=&#8221;left&#8221; header_text_align_last_edited=&#8221;off|phone&#8221; header_font_size_tablet=&#8221;80px&#8221; header_font_size_phone=&#8221;60px&#8221; header_font_size_last_edited=&#8221;on|phone&#8221; text_text_shadow_style=&#8221;preset1&#8243; global_colors_info=&#8221;{}&#8221;]<\/p>\n<h1>Services<\/h1>\n<p>[\/et_pb_text][\/et_pb_column][\/et_pb_row][\/et_pb_section][et_pb_section fb_built=&#8221;1&#8243; admin_label=&#8221;AOVE&#8221; _builder_version=&#8221;4.27.4&#8243; _module_preset=&#8221;default&#8221; global_colors_info=&#8221;{}&#8221;][et_pb_row _builder_version=&#8221;4.27.4&#8243; _module_preset=&#8221;default&#8221; global_colors_info=&#8221;{}&#8221;][et_pb_column type=&#8221;4_4&#8243; _builder_version=&#8221;4.27.4&#8243; _module_preset=&#8221;default&#8221; global_colors_info=&#8221;{}&#8221;][et_pb_text _builder_version=&#8221;4.27.4&#8243; _module_preset=&#8221;default&#8221; header_2_font_size=&#8221;60px&#8221; header_3_text_align=&#8221;center&#8221; header_3_font_size=&#8221;40px&#8221; max_width=&#8221;75%&#8221; max_width_tablet=&#8221;75%&#8221; max_width_phone=&#8221;100%&#8221; max_width_last_edited=&#8221;on|phone&#8221; module_alignment=&#8221;center&#8221; header_2_font_size_tablet=&#8221;60px&#8221; header_2_font_size_phone=&#8221;40px&#8221; header_2_font_size_last_edited=&#8221;on|desktop&#8221; header_3_font_size_tablet=&#8221;40px&#8221; header_3_font_size_phone=&#8221;30px&#8221; header_3_font_size_last_edited=&#8221;on|phone&#8221; global_colors_info=&#8221;{}&#8221;]<\/p>\n<h2><em>Welcome to the intringuing and astonishing world of extra virgin olive oil<\/em><\/h2>\n<p>[\/et_pb_text][\/et_pb_column][\/et_pb_row][et_pb_row column_structure=&#8221;1_2,1_2&#8243; _builder_version=&#8221;4.27.4&#8243; _module_preset=&#8221;default&#8221; width=&#8221;100%&#8221; global_colors_info=&#8221;{}&#8221;][et_pb_column type=&#8221;1_2&#8243; _builder_version=&#8221;4.27.4&#8243; _module_preset=&#8221;default&#8221; global_colors_info=&#8221;{}&#8221;][et_pb_text _builder_version=&#8221;4.27.4&#8243; _module_preset=&#8221;default&#8221; custom_margin=&#8221;||||false|false&#8221; custom_padding=&#8221;|||20%|false|false&#8221; custom_padding_tablet=&#8221;|||20%|false|false&#8221; custom_padding_phone=&#8221;|5%||5%|false|true&#8221; custom_padding_last_edited=&#8221;on|phone&#8221; global_colors_info=&#8221;{}&#8221;]<\/p>\n<div class=\"wpb_text_column wpb_content_element \">\n<div class=\"wpb_wrapper\">\n<h3>HOME TASTING<\/h3>\n<p>Surpise your friends and\/or your family by organizing an olive oil tasting in your own home.<br \/>We\u2019ll do evertything. It\u2019s possible to include appetizers.<br \/>A minimum of 10 people. It lasts aprox. 1 hour.<\/p>\n<p>&nbsp;<\/p>\n<h3>COMPANY TASTING<\/h3>\n<p>Offers to your customers and employees a different experience with an olive oil tasting. In your own office or in the lounges of our catering collaborator Vatelia. Personalized quotes for your needs.<\/p>\n<p>&nbsp;<\/p>\n<h3>RESTAURANT TASTING IN MADRID<\/h3>\n<p>In Madrid we collaborate with different restaurants to offer olive oil tasting. A minimum of 15 people. Check availability.<\/p>\n<\/div>\n<\/div>\n<div class=\"vc_empty_space\"><span class=\"vc_empty_space_inner\"><\/span><\/div>\n<div class=\"wpb_text_column wpb_content_element \">\n<div class=\"wpb_wrapper\">\n<p>Re-present offers a lot to businesses and individuals alike,<br \/>the opportunity to give <strong>personalized<\/strong> high quality products..<\/p>\n<\/div>\n<\/div>\n<p>[\/et_pb_text][\/et_pb_column][et_pb_column type=&#8221;1_2&#8243; _builder_version=&#8221;4.27.4&#8243; _module_preset=&#8221;default&#8221; global_colors_info=&#8221;{}&#8221;][et_pb_image src=&#8221;https:\/\/representgift.com\/wp-content\/uploads\/2024\/12\/cata_aceite-1.jpg&#8221; alt=&#8221;Services: olive oil tasting&#8221; title_text=&#8221;Services: olive oil tasting&#8221; _builder_version=&#8221;4.27.4&#8243; _module_preset=&#8221;default&#8221; global_colors_info=&#8221;{}&#8221;][\/et_pb_image][\/et_pb_column][\/et_pb_row][\/et_pb_section][et_pb_section fb_built=&#8221;1&#8243; admin_label=&#8221;Especial&#8221; _builder_version=&#8221;4.27.4&#8243; _module_preset=&#8221;default&#8221; global_colors_info=&#8221;{}&#8221;][et_pb_row _builder_version=&#8221;4.27.4&#8243; _module_preset=&#8221;default&#8221; hover_enabled=&#8221;0&#8243; global_colors_info=&#8221;{}&#8221; width=&#8221;80%&#8221; sticky_enabled=&#8221;0&#8243;][et_pb_column type=&#8221;4_4&#8243; _builder_version=&#8221;4.27.4&#8243; _module_preset=&#8221;default&#8221; global_colors_info=&#8221;{}&#8221;][et_pb_text _builder_version=&#8221;4.27.4&#8243; _module_preset=&#8221;default&#8221; hover_enabled=&#8221;0&#8243; global_colors_info=&#8221;{}&#8221; sticky_enabled=&#8221;0&#8243;]<\/p>\n<h3>BUSINESSES<\/h3>\n<p>We offer corporate company gifts which our clients can surprise their recipients with (clients, employees) with a <strong>personalized<\/strong> product which represents the sender and contains two key and differentiating notes: <strong>quality and charity<\/strong>. Both concepts will give your gift an added value and distinguish it from the rest.<\/p>\n<p>&nbsp;<\/p>\n<h3>EVENTS<\/h3>\n<p>RE-PRESENT also offer you formats capable of delivering at company or individual events, ways to make this day memorable for all the guests thanks to a personalized high quality gift for the occasion so that everyone will remember your collaboration with a charitable cause.<\/p>\n<p>&nbsp;<\/p>\n<h3>PERSONALIZATION<\/h3>\n<p>RE-PRESENT personalizes the products to the requirement of the client. In these will appear not only the clients logo but also the foundation you will be collaborating with. * The personalization will be ad hoc for each order, it could include whichever text the client considers opportune to put over the message which the occasion requires.<\/p>\n<p>&nbsp;<\/p>\n<h3>QUALITY<\/h3>\n<p>Re-present offers different varieties of Extra Virgin Olive Oil (EVOO) each field is specially selected so that their recipients my taste and enjoy an early pressing, harvested with care precisely to delight your clients with an explosion of aromas and tastes.<\/p>\n<p>&nbsp;<\/p>\n<h3>CHARITY<\/h3>\n<p><strong>Without any additional cost to the client<\/strong>, we will donate 15% of the total budgeted for a charitable project in whichever part of the world at the free choice of the client. Of course, if the client needs it, they could count on the advice from Re-PRESENT to let them know the different charitable projects which we currently collaborate with.<\/p>\n<p>*As long as the foundation authorizes the use of their logo. Re-PRESENT has the authorisation of different foundations. For more information consult the heading CHARITABLE GIFTS.<\/p>\n<p>[\/et_pb_text][\/et_pb_column][\/et_pb_row][\/et_pb_section][et_pb_section fb_built=&#8221;1&#8243; _builder_version=&#8221;4.27.4&#8243; _module_preset=&#8221;default&#8221; global_module=&#8221;100&#8243; saved_tabs=&#8221;all&#8221; global_colors_info=&#8221;{}&#8221;][et_pb_row column_structure=&#8221;1_6,1_6,1_6,1_6,1_6,1_6&#8243; _builder_version=&#8221;4.27.4&#8243; _module_preset=&#8221;default&#8221; global_colors_info=&#8221;{}&#8221;][et_pb_column type=&#8221;1_6&#8243; _builder_version=&#8221;4.27.4&#8243; _module_preset=&#8221;default&#8221; global_colors_info=&#8221;{}&#8221;][et_pb_image src=&#8221;https:\/\/representgift.com\/wp-content\/uploads\/2024\/12\/20241218-fero.png&#8221; alt=&#8221;fero: Fundaci\u00f3n de Investigaci\u00f3n Oncol\u00f3gica&#8221; title_text=&#8221;fero: Fundaci\u00f3n de Investigaci\u00f3n Oncol\u00f3gica&#8221; url=&#8221;http:\/\/fero.org\/&#8221; url_new_window=&#8221;on&#8221; _builder_version=&#8221;4.27.4&#8243; _module_preset=&#8221;default&#8221; global_colors_info=&#8221;{}&#8221;][\/et_pb_image][\/et_pb_column][et_pb_column type=&#8221;1_6&#8243; _builder_version=&#8221;4.27.4&#8243; _module_preset=&#8221;default&#8221; global_colors_info=&#8221;{}&#8221;][et_pb_image src=&#8221;https:\/\/representgift.com\/wp-content\/uploads\/2024\/12\/20241218-cris-contra-el-cancer2.png&#8221; alt=&#8221;Cris contra el c\u00e1ncer&#8221; title_text=&#8221;Cris contra el c\u00e1ncer&#8221; url=&#8221;https:\/\/criscancer.org\/es\/&#8221; url_new_window=&#8221;on&#8221; _builder_version=&#8221;4.27.4&#8243; _module_preset=&#8221;default&#8221; global_colors_info=&#8221;{}&#8221;][\/et_pb_image][\/et_pb_column][et_pb_column type=&#8221;1_6&#8243; _builder_version=&#8221;4.27.4&#8243; _module_preset=&#8221;default&#8221; global_colors_info=&#8221;{}&#8221;][\/et_pb_column][et_pb_column type=&#8221;1_6&#8243; _builder_version=&#8221;4.27.4&#8243; _module_preset=&#8221;default&#8221; global_colors_info=&#8221;{}&#8221;][\/et_pb_column][et_pb_column type=&#8221;1_6&#8243; _builder_version=&#8221;4.27.4&#8243; _module_preset=&#8221;default&#8221; global_colors_info=&#8221;{}&#8221;][\/et_pb_column][et_pb_column type=&#8221;1_6&#8243; _builder_version=&#8221;4.27.4&#8243; _module_preset=&#8221;default&#8221; global_colors_info=&#8221;{}&#8221;][et_pb_image src=&#8221;https:\/\/representgift.com\/wp-content\/uploads\/2024\/12\/20241218-boda-mas-elcorteingles.png&#8221; alt=&#8221;BodaM\u00e1s El Corte Ingl\u00e9s: Proveedor Regsitrado&#8221; title_text=&#8221;BodaM\u00e1s El Corte Ingl\u00e9s: Proveedor Regsitrado&#8221; url=&#8221;http:\/\/www.bodamas.com\/&#8221; url_new_window=&#8221;on&#8221; _builder_version=&#8221;4.27.4&#8243; _module_preset=&#8221;default&#8221; global_colors_info=&#8221;{}&#8221;][\/et_pb_image][\/et_pb_column][\/et_pb_row][et_pb_row _builder_version=&#8221;4.27.4&#8243; _module_preset=&#8221;default&#8221; global_colors_info=&#8221;{}&#8221;][et_pb_column type=&#8221;4_4&#8243; _builder_version=&#8221;4.27.4&#8243; _module_preset=&#8221;default&#8221; global_colors_info=&#8221;{}&#8221;][et_pb_image src=&#8221;https:\/\/representgift.com\/wp-content\/uploads\/2024\/12\/financiado-por-la-union-europea-nextgeneration-eu-.jpg&#8221; alt=&#8221;Financiado por la Uni\u00f3n Europea, NextGeneretionEu, Gobierno de Espa\u00f1a, Ministerio de Industria, Comercio y Turismo, Plan de Recuperaci\u00f3n, Transformaci\u00f3n y Resilencia&#8221; title_text=&#8221;Financiado por la Uni\u00f3n Europea, NextGeneretionEu, Gobierno de Espa\u00f1a, Ministerio de Industria, Comercio y Turismo, Plan de Recuperaci\u00f3n, Transformaci\u00f3n y Resilencia&#8221; _builder_version=&#8221;4.27.4&#8243; _module_preset=&#8221;default&#8221; global_colors_info=&#8221;{}&#8221;][\/et_pb_image][\/et_pb_column][\/et_pb_row][\/et_pb_section]<\/p>\n","protected":false},"excerpt":{"rendered":"<p>ServicesWelcome to the intringuing and astonishing world of extra virgin olive oil HOME TASTING Surpise your friends and\/or your family by organizing an olive oil tasting in your own home.We\u2019ll do evertything. It\u2019s possible to include appetizers.A minimum of 10 people. It lasts aprox. 1 hour. &nbsp; COMPANY TASTING Offers to your customers and employees a different experience with an olive oil tasting. In your own office or in the lounges of our catering collaborator Vatelia. Personalized quotes for your needs. &nbsp; RESTAURANT TASTING IN MADRID In Madrid we collaborate with different restaurants to offer olive oil tasting. A minimum of 15 people. Check availability. Re-present offers a lot to businesses and individuals alike,the opportunity to give personalized high quality products.. BUSINESSES We offer corporate company gifts which our clients can surprise their recipients with (clients, employees) with a personalized product which represents the sender and contains two key and differentiating notes: quality and charity. Both concepts will give your gift an added value and distinguish it from the rest. &nbsp; EVENTS RE-PRESENT also offer you formats capable of delivering at company or individual events, ways to make this day memorable for all the guests thanks to a personalized high [&hellip;]<\/p>\n","protected":false},"author":2,"featured_media":0,"parent":0,"menu_order":0,"comment_status":"closed","ping_status":"closed","template":"","meta":{"_et_pb_use_builder":"on","_et_pb_old_content":"","_et_gb_content_width":"","footnotes":""},"class_list":["post-522","page","type-page","status-publish","hentry"],"yoast_head":"<!-- This site is optimized with the Yoast SEO plugin v27.1.1 - https:\/\/yoast.com\/product\/yoast-seo-wordpress\/ -->\n<title>Services - Represent Gift<\/title>\n<meta name=\"robots\" content=\"index, follow, max-snippet:-1, max-image-preview:large, max-video-preview:-1\" \/>\n<link rel=\"canonical\" href=\"https:\/\/representgift.com\/en\/services\/\" \/>\n<meta property=\"og:locale\" content=\"en_US\" \/>\n<meta property=\"og:type\" content=\"article\" \/>\n<meta property=\"og:title\" content=\"Services - Represent Gift\" \/>\n<meta property=\"og:description\" content=\"ServicesWelcome to the intringuing and astonishing world of extra virgin olive oil HOME TASTING Surpise your friends and\/or your family by organizing an olive oil tasting in your own home.We\u2019ll do evertything. It\u2019s possible to include appetizers.A minimum of 10 people. It lasts aprox. 1 hour. &nbsp; COMPANY TASTING Offers to your customers and employees a different experience with an olive oil tasting. In your own office or in the lounges of our catering collaborator Vatelia. Personalized quotes for your needs. &nbsp; RESTAURANT TASTING IN MADRID In Madrid we collaborate with different restaurants to offer olive oil tasting. A minimum of 15 people. Check availability. Re-present offers a lot to businesses and individuals alike,the opportunity to give personalized high quality products.. BUSINESSES We offer corporate company gifts which our clients can surprise their recipients with (clients, employees) with a personalized product which represents the sender and contains two key and differentiating notes: quality and charity. Both concepts will give your gift an added value and distinguish it from the rest. &nbsp; EVENTS RE-PRESENT also offer you formats capable of delivering at company or individual events, ways to make this day memorable for all the guests thanks to a personalized high [&hellip;]\" \/>\n<meta property=\"og:url\" content=\"https:\/\/representgift.com\/en\/services\/\" \/>\n<meta property=\"og:site_name\" content=\"Represent Gift\" \/>\n<meta property=\"article:modified_time\" content=\"2024-12-19T18:01:38+00:00\" \/>\n<meta name=\"twitter:card\" content=\"summary_large_image\" \/>\n<meta name=\"twitter:label1\" content=\"Est. reading time\" \/>\n\t<meta name=\"twitter:data1\" content=\"7 minutes\" \/>\n<script type=\"application\/ld+json\" class=\"yoast-schema-graph\">{\"@context\":\"https:\/\/schema.org\",\"@graph\":[{\"@type\":\"WebPage\",\"@id\":\"https:\/\/representgift.com\/en\/services\/\",\"url\":\"https:\/\/representgift.com\/en\/services\/\",\"name\":\"Services - Represent Gift\",\"isPartOf\":{\"@id\":\"https:\/\/representgift.com\/en\/#website\"},\"datePublished\":\"2024-12-17T17:37:08+00:00\",\"dateModified\":\"2024-12-19T18:01:38+00:00\",\"breadcrumb\":{\"@id\":\"https:\/\/representgift.com\/en\/services\/#breadcrumb\"},\"inLanguage\":\"en-US\",\"potentialAction\":[{\"@type\":\"ReadAction\",\"target\":[\"https:\/\/representgift.com\/en\/services\/\"]}]},{\"@type\":\"BreadcrumbList\",\"@id\":\"https:\/\/representgift.com\/en\/services\/#breadcrumb\",\"itemListElement\":[{\"@type\":\"ListItem\",\"position\":1,\"name\":\"Portada\",\"item\":\"https:\/\/representgift.com\/en\/home\/\"},{\"@type\":\"ListItem\",\"position\":2,\"name\":\"Services\"}]},{\"@type\":\"WebSite\",\"@id\":\"https:\/\/representgift.com\/en\/#website\",\"url\":\"https:\/\/representgift.com\/en\/\",\"name\":\"Represent Gift\",\"description\":\"Corporate Gourmet Gift\",\"publisher\":{\"@id\":\"https:\/\/representgift.com\/en\/#organization\"},\"potentialAction\":[{\"@type\":\"SearchAction\",\"target\":{\"@type\":\"EntryPoint\",\"urlTemplate\":\"https:\/\/representgift.com\/en\/?s={search_term_string}\"},\"query-input\":{\"@type\":\"PropertyValueSpecification\",\"valueRequired\":true,\"valueName\":\"search_term_string\"}}],\"inLanguage\":\"en-US\"},{\"@type\":\"Organization\",\"@id\":\"https:\/\/representgift.com\/en\/#organization\",\"name\":\"Represent Gift\",\"url\":\"https:\/\/representgift.com\/en\/\",\"logo\":{\"@type\":\"ImageObject\",\"inLanguage\":\"en-US\",\"@id\":\"https:\/\/representgift.com\/en\/#\/schema\/logo\/image\/\",\"url\":\"https:\/\/representgift.com\/wp-content\/uploads\/2024\/12\/20241217-represent-gift-logo-300.png\",\"contentUrl\":\"https:\/\/representgift.com\/wp-content\/uploads\/2024\/12\/20241217-represent-gift-logo-300.png\",\"width\":300,\"height\":139,\"caption\":\"Represent Gift\"},\"image\":{\"@id\":\"https:\/\/representgift.com\/en\/#\/schema\/logo\/image\/\"}}]}<\/script>\n<!-- \/ Yoast SEO plugin. -->","yoast_head_json":{"title":"Services - Represent Gift","robots":{"index":"index","follow":"follow","max-snippet":"max-snippet:-1","max-image-preview":"max-image-preview:large","max-video-preview":"max-video-preview:-1"},"canonical":"https:\/\/representgift.com\/en\/services\/","og_locale":"en_US","og_type":"article","og_title":"Services - Represent Gift","og_description":"ServicesWelcome to the intringuing and astonishing world of extra virgin olive oil HOME TASTING Surpise your friends and\/or your family by organizing an olive oil tasting in your own home.We\u2019ll do evertything. It\u2019s possible to include appetizers.A minimum of 10 people. It lasts aprox. 1 hour. &nbsp; COMPANY TASTING Offers to your customers and employees a different experience with an olive oil tasting. In your own office or in the lounges of our catering collaborator Vatelia. Personalized quotes for your needs. &nbsp; RESTAURANT TASTING IN MADRID In Madrid we collaborate with different restaurants to offer olive oil tasting. A minimum of 15 people. Check availability. Re-present offers a lot to businesses and individuals alike,the opportunity to give personalized high quality products.. BUSINESSES We offer corporate company gifts which our clients can surprise their recipients with (clients, employees) with a personalized product which represents the sender and contains two key and differentiating notes: quality and charity. Both concepts will give your gift an added value and distinguish it from the rest. &nbsp; EVENTS RE-PRESENT also offer you formats capable of delivering at company or individual events, ways to make this day memorable for all the guests thanks to a personalized high [&hellip;]","og_url":"https:\/\/representgift.com\/en\/services\/","og_site_name":"Represent Gift","article_modified_time":"2024-12-19T18:01:38+00:00","twitter_card":"summary_large_image","twitter_misc":{"Est. reading time":"7 minutes"},"schema":{"@context":"https:\/\/schema.org","@graph":[{"@type":"WebPage","@id":"https:\/\/representgift.com\/en\/services\/","url":"https:\/\/representgift.com\/en\/services\/","name":"Services - Represent Gift","isPartOf":{"@id":"https:\/\/representgift.com\/en\/#website"},"datePublished":"2024-12-17T17:37:08+00:00","dateModified":"2024-12-19T18:01:38+00:00","breadcrumb":{"@id":"https:\/\/representgift.com\/en\/services\/#breadcrumb"},"inLanguage":"en-US","potentialAction":[{"@type":"ReadAction","target":["https:\/\/representgift.com\/en\/services\/"]}]},{"@type":"BreadcrumbList","@id":"https:\/\/representgift.com\/en\/services\/#breadcrumb","itemListElement":[{"@type":"ListItem","position":1,"name":"Portada","item":"https:\/\/representgift.com\/en\/home\/"},{"@type":"ListItem","position":2,"name":"Services"}]},{"@type":"WebSite","@id":"https:\/\/representgift.com\/en\/#website","url":"https:\/\/representgift.com\/en\/","name":"Represent Gift","description":"Corporate Gourmet Gift","publisher":{"@id":"https:\/\/representgift.com\/en\/#organization"},"potentialAction":[{"@type":"SearchAction","target":{"@type":"EntryPoint","urlTemplate":"https:\/\/representgift.com\/en\/?s={search_term_string}"},"query-input":{"@type":"PropertyValueSpecification","valueRequired":true,"valueName":"search_term_string"}}],"inLanguage":"en-US"},{"@type":"Organization","@id":"https:\/\/representgift.com\/en\/#organization","name":"Represent Gift","url":"https:\/\/representgift.com\/en\/","logo":{"@type":"ImageObject","inLanguage":"en-US","@id":"https:\/\/representgift.com\/en\/#\/schema\/logo\/image\/","url":"https:\/\/representgift.com\/wp-content\/uploads\/2024\/12\/20241217-represent-gift-logo-300.png","contentUrl":"https:\/\/representgift.com\/wp-content\/uploads\/2024\/12\/20241217-represent-gift-logo-300.png","width":300,"height":139,"caption":"Represent Gift"},"image":{"@id":"https:\/\/representgift.com\/en\/#\/schema\/logo\/image\/"}}]}},"_links":{"self":[{"href":"https:\/\/representgift.com\/en\/wp-json\/wp\/v2\/pages\/522","targetHints":{"allow":["GET"]}}],"collection":[{"href":"https:\/\/representgift.com\/en\/wp-json\/wp\/v2\/pages"}],"about":[{"href":"https:\/\/representgift.com\/en\/wp-json\/wp\/v2\/types\/page"}],"author":[{"embeddable":true,"href":"https:\/\/representgift.com\/en\/wp-json\/wp\/v2\/users\/2"}],"replies":[{"embeddable":true,"href":"https:\/\/representgift.com\/en\/wp-json\/wp\/v2\/comments?post=522"}],"version-history":[{"count":2,"href":"https:\/\/representgift.com\/en\/wp-json\/wp\/v2\/pages\/522\/revisions"}],"predecessor-version":[{"id":524,"href":"https:\/\/representgift.com\/en\/wp-json\/wp\/v2\/pages\/522\/revisions\/524"}],"wp:attachment":[{"href":"https:\/\/representgift.com\/en\/wp-json\/wp\/v2\/media?parent=522"}],"curies":[{"name":"wp","href":"https:\/\/api.w.org\/{rel}","templated":true}]}}