{"id":538,"date":"2024-12-17T18:30:32","date_gmt":"2024-12-17T17:30:32","guid":{"rendered":"https:\/\/representgift.com\/contact-us\/"},"modified":"2024-12-30T13:23:37","modified_gmt":"2024-12-30T12:23:37","slug":"contact-us","status":"publish","type":"page","link":"https:\/\/representgift.com\/en\/contact-us\/","title":{"rendered":"Contact us"},"content":{"rendered":"<p>[et_pb_section fb_built=&#8221;1&#8243; custom_padding_last_edited=&#8221;off|phone&#8221; admin_label=&#8221;Cabecera&#8221; _builder_version=&#8221;4.27.4&#8243; _module_preset=&#8221;default&#8221; background_enable_color=&#8221;off&#8221; background_image=&#8221;https:\/\/representgift.com\/wp-content\/uploads\/2024\/12\/20241219-contacto.jpg&#8221; background_position=&#8221;center_left&#8221; custom_padding=&#8221;50px||50px||true|false&#8221; custom_padding_tablet=&#8221;90px||90px||true|false&#8221; custom_padding_phone=&#8221;90px||90px||true|false&#8221; background_last_edited=&#8221;off|desktop&#8221; background_enable_image_tablet=&#8221;off&#8221; background_enable_image_phone=&#8221;off&#8221; background_size_phone=&#8221;contain&#8221; background_position_phone=&#8221;center&#8221; global_colors_info=&#8221;{}&#8221;][et_pb_row _builder_version=&#8221;4.27.4&#8243; _module_preset=&#8221;default&#8221; width=&#8221;100%&#8221; max_width=&#8221;100%&#8221; global_colors_info=&#8221;{}&#8221;][et_pb_column type=&#8221;4_4&#8243; _builder_version=&#8221;4.27.4&#8243; _module_preset=&#8221;default&#8221; global_colors_info=&#8221;{}&#8221;][et_pb_text _builder_version=&#8221;4.27.4&#8243; _module_preset=&#8221;default&#8221; header_text_align=&#8221;center&#8221; header_text_color=&#8221;#000000&#8243; header_font_size=&#8221;80px&#8221; background_enable_image=&#8221;off&#8221; custom_margin=&#8221;||-5px|||&#8221; custom_margin_tablet=&#8221;||-5px|||&#8221; custom_margin_phone=&#8221;|10px|0px|10px|false|true&#8221; custom_margin_last_edited=&#8221;on|phone&#8221; custom_padding_tablet=&#8221;||90px||false|false&#8221; custom_padding_phone=&#8221;||0px||false|false&#8221; custom_padding_last_edited=&#8221;off|desktop&#8221; header_text_align_tablet=&#8221;right&#8221; header_text_align_phone=&#8221;left&#8221; header_text_align_last_edited=&#8221;off|phone&#8221; header_font_size_tablet=&#8221;80px&#8221; header_font_size_phone=&#8221;60px&#8221; header_font_size_last_edited=&#8221;on|phone&#8221; text_text_shadow_style=&#8221;preset1&#8243; global_colors_info=&#8221;{}&#8221;]<\/p>\n<h1>Contact us<\/h1>\n<p>[\/et_pb_text][\/et_pb_column][\/et_pb_row][\/et_pb_section][et_pb_section fb_built=&#8221;1&#8243; admin_label=&#8221;Solidaridad&#8221; _builder_version=&#8221;4.27.4&#8243; _module_preset=&#8221;default&#8221; global_colors_info=&#8221;{}&#8221;][et_pb_row column_structure=&#8221;1_3,2_3&#8243; _builder_version=&#8221;4.27.4&#8243; _module_preset=&#8221;default&#8221; global_colors_info=&#8221;{}&#8221;][et_pb_column type=&#8221;1_3&#8243; _builder_version=&#8221;4.27.4&#8243; _module_preset=&#8221;default&#8221; global_colors_info=&#8221;{}&#8221;][et_pb_image src=&#8221;https:\/\/representgift.com\/wp-content\/uploads\/2024\/12\/20241217-represent-gift-logo-300.png&#8221; alt=&#8221;Represent Gift&#8221; title_text=&#8221;Represent Gift&#8221; align=&#8221;center&#8221; _builder_version=&#8221;4.27.4&#8243; _module_preset=&#8221;default&#8221; custom_margin=&#8221;||2px|||&#8221; global_colors_info=&#8221;{}&#8221;][\/et_pb_image][et_pb_text _builder_version=&#8221;4.27.4&#8243; _module_preset=&#8221;default&#8221; custom_padding=&#8221;|||66px||&#8221; hover_enabled=&#8221;0&#8243; global_colors_info=&#8221;{}&#8221; sticky_enabled=&#8221;0&#8243;]<strong>Re\u00b7Present<\/strong><br \/>\n<a href=\"mailto:ti****@***********ft.com\" data-original-string=\"zm5mG3UmWRYfLB2zMd2a7Q==057ExG1wO9PupAHip+aSRdY87NuRpTeyF8DKtM2L2sB0XA=\" title=\"This contact has been encoded by Anti-Spam by CleanTalk. Click to decode. To finish the decoding make sure that JavaScript is enabled in your browser.\"><span \n                data-original-string='EymbBdqJacTrU1U6j5u0+Q==057It+l\/Gym6NSGk2TBcfTSHocmKzZJdJWJIBz2sz8NejA='\n                class='apbct-email-encoder'\n                title='This contact has been encoded by Anti-Spam by CleanTalk. Click to decode. To finish the decoding make sure that JavaScript is enabled in your browser.'>ti<span class=\"apbct-blur\">****<\/span>@<span class=\"apbct-blur\">***********<\/span>ft.com<\/span><\/a><br \/>\n<span>(+34) 690 93 89 98<\/span><br \/>\n<a href=\"https:\/\/representgift.com\/en\/\"><strong>https:\/\/representgift.com\/<\/strong><\/a>[\/et_pb_text][\/et_pb_column][et_pb_column type=&#8221;2_3&#8243; _builder_version=&#8221;4.27.4&#8243; _module_preset=&#8221;default&#8221; global_colors_info=&#8221;{}&#8221;][dsm_contact_form_7 cf7_library=&#8221;12&#8243; _builder_version=&#8221;4.27.4&#8243; _module_preset=&#8221;default&#8221; labels_text_color=&#8221;#000000&#8243; input_textarea_select_text_color=&#8221;#000000&#8243; placeholder_text_color=&#8221;#000000&#8243; custom_button_one=&#8221;on&#8221; button_one_text_color=&#8221;#FFFFFF&#8221; global_colors_info=&#8221;{}&#8221; button_one_text_color__hover_enabled=&#8221;on|desktop&#8221; button_one_text_color__hover=&#8221;#000000&#8243;][\/dsm_contact_form_7][\/et_pb_column][\/et_pb_row][\/et_pb_section][et_pb_section fb_built=&#8221;1&#8243; _builder_version=&#8221;4.27.4&#8243; _module_preset=&#8221;default&#8221; global_module=&#8221;100&#8243; saved_tabs=&#8221;all&#8221; global_colors_info=&#8221;{}&#8221;][et_pb_row column_structure=&#8221;1_6,1_6,1_6,1_6,1_6,1_6&#8243; _builder_version=&#8221;4.27.4&#8243; _module_preset=&#8221;default&#8221; global_colors_info=&#8221;{}&#8221;][et_pb_column type=&#8221;1_6&#8243; _builder_version=&#8221;4.27.4&#8243; _module_preset=&#8221;default&#8221; global_colors_info=&#8221;{}&#8221;][et_pb_image src=&#8221;https:\/\/representgift.com\/wp-content\/uploads\/2024\/12\/20241218-fero.png&#8221; alt=&#8221;fero: Fundaci\u00f3n de Investigaci\u00f3n Oncol\u00f3gica&#8221; title_text=&#8221;fero: Fundaci\u00f3n de Investigaci\u00f3n Oncol\u00f3gica&#8221; url=&#8221;http:\/\/fero.org\/&#8221; url_new_window=&#8221;on&#8221; _builder_version=&#8221;4.27.4&#8243; _module_preset=&#8221;default&#8221; global_colors_info=&#8221;{}&#8221;][\/et_pb_image][\/et_pb_column][et_pb_column type=&#8221;1_6&#8243; _builder_version=&#8221;4.27.4&#8243; _module_preset=&#8221;default&#8221; global_colors_info=&#8221;{}&#8221;][et_pb_image src=&#8221;https:\/\/representgift.com\/wp-content\/uploads\/2024\/12\/20241218-cris-contra-el-cancer2.png&#8221; alt=&#8221;Cris contra el c\u00e1ncer&#8221; title_text=&#8221;Cris contra el c\u00e1ncer&#8221; url=&#8221;https:\/\/criscancer.org\/es\/&#8221; url_new_window=&#8221;on&#8221; _builder_version=&#8221;4.27.4&#8243; _module_preset=&#8221;default&#8221; global_colors_info=&#8221;{}&#8221;][\/et_pb_image][\/et_pb_column][et_pb_column type=&#8221;1_6&#8243; _builder_version=&#8221;4.27.4&#8243; _module_preset=&#8221;default&#8221; global_colors_info=&#8221;{}&#8221;][\/et_pb_column][et_pb_column type=&#8221;1_6&#8243; _builder_version=&#8221;4.27.4&#8243; _module_preset=&#8221;default&#8221; global_colors_info=&#8221;{}&#8221;][\/et_pb_column][et_pb_column type=&#8221;1_6&#8243; _builder_version=&#8221;4.27.4&#8243; _module_preset=&#8221;default&#8221; global_colors_info=&#8221;{}&#8221;][\/et_pb_column][et_pb_column type=&#8221;1_6&#8243; _builder_version=&#8221;4.27.4&#8243; _module_preset=&#8221;default&#8221; global_colors_info=&#8221;{}&#8221;][et_pb_image src=&#8221;https:\/\/representgift.com\/wp-content\/uploads\/2024\/12\/20241218-boda-mas-elcorteingles.png&#8221; alt=&#8221;BodaM\u00e1s El Corte Ingl\u00e9s: Proveedor Regsitrado&#8221; title_text=&#8221;BodaM\u00e1s El Corte Ingl\u00e9s: Proveedor Regsitrado&#8221; url=&#8221;http:\/\/www.bodamas.com\/&#8221; url_new_window=&#8221;on&#8221; _builder_version=&#8221;4.27.4&#8243; _module_preset=&#8221;default&#8221; global_colors_info=&#8221;{}&#8221;][\/et_pb_image][\/et_pb_column][\/et_pb_row][et_pb_row _builder_version=&#8221;4.27.4&#8243; _module_preset=&#8221;default&#8221; global_colors_info=&#8221;{}&#8221;][et_pb_column type=&#8221;4_4&#8243; _builder_version=&#8221;4.27.4&#8243; _module_preset=&#8221;default&#8221; global_colors_info=&#8221;{}&#8221;][et_pb_image src=&#8221;https:\/\/representgift.com\/wp-content\/uploads\/2024\/12\/financiado-por-la-union-europea-nextgeneration-eu-.jpg&#8221; alt=&#8221;Financiado por la Uni\u00f3n Europea, NextGeneretionEu, Gobierno de Espa\u00f1a, Ministerio de Industria, Comercio y Turismo, Plan de Recuperaci\u00f3n, Transformaci\u00f3n y Resilencia&#8221; title_text=&#8221;Financiado por la Uni\u00f3n Europea, NextGeneretionEu, Gobierno de Espa\u00f1a, Ministerio de Industria, Comercio y Turismo, Plan de Recuperaci\u00f3n, Transformaci\u00f3n y Resilencia&#8221; _builder_version=&#8221;4.27.4&#8243; _module_preset=&#8221;default&#8221; global_colors_info=&#8221;{}&#8221;][\/et_pb_image][\/et_pb_column][\/et_pb_row][\/et_pb_section]<\/p>\n","protected":false},"excerpt":{"rendered":"<p>Contact usRe\u00b7Present <span \n                data-original-string='JnxfMXKLku04qMRF0GdSpA==057DulxpgC6pKDjWhDwPglsgBaPvbvNadsfc3UivFBnV1c='\n                class='apbct-email-encoder'\n                title='This contact has been encoded by Anti-Spam by CleanTalk. Click to decode. To finish the decoding make sure that JavaScript is enabled in your browser.'>ti<span class=\"apbct-blur\">****<\/span>@<span class=\"apbct-blur\">***********<\/span>ft.com<\/span> (+34) 690 93 89 98 https:\/\/representgift.com\/<div class=\"et_pb_module dsm_contact_form_7 dsm_contact_form_7_0\">\n\t\t\t\t\n\t\t\t\t\n\t\t\t\t\n\t\t\t\t\n\t\t\t\t\n\t\t\t\t\n\t\t\t\t<div class=\"et_pb_module_inner\">\n\t\t\t\t\t<div class=\"\">\n\t\t\t\t\n<div class=\"wpcf7 no-js\" id=\"wpcf7-f589-o1\" lang=\"en-US\" dir=\"ltr\" data-wpcf7-id=\"589\">\n<div class=\"screen-reader-response\"><p role=\"status\" aria-live=\"polite\" aria-atomic=\"true\"><\/p> <ul><\/ul><\/div>\n<form action=\"\/en\/wp-json\/wp\/v2\/pages\/538#wpcf7-f589-o1\" method=\"post\" class=\"wpcf7-form init\" aria-label=\"Contact form\" novalidate=\"novalidate\" data-status=\"init\">\n<fieldset class=\"hidden-fields-container\"><input type=\"hidden\" name=\"_wpcf7\" value=\"589\" \/><input type=\"hidden\" name=\"_wpcf7_version\" value=\"6.1.5\" \/><input type=\"hidden\" name=\"_wpcf7_locale\" value=\"en_US\" \/><input type=\"hidden\" name=\"_wpcf7_unit_tag\" value=\"wpcf7-f589-o1\" \/><input type=\"hidden\" name=\"_wpcf7_container_post\" value=\"0\" \/><input type=\"hidden\" name=\"_wpcf7_posted_data_hash\" value=\"\" \/>\n<\/fieldset>\n<p><span class=\"wpcf7-form-control-wrap\" data-name=\"your-name\"><input size=\"40\" maxlength=\"400\" class=\"wpcf7-form-control wpcf7-text wpcf7-validates-as-required\" aria-required=\"true\" aria-invalid=\"false\" placeholder=\"Name\" value=\"\" type=\"text\" name=\"your-name\" \/><\/span>\n<\/p>\n<p><span class=\"wpcf7-form-control-wrap\" data-name=\"your-email\"><input size=\"40\" maxlength=\"400\" class=\"wpcf7-form-control wpcf7-email wpcf7-validates-as-required wpcf7-text wpcf7-validates-as-email\" aria-required=\"true\" aria-invalid=\"false\" placeholder=\"Email\" value=\"\" type=\"email\" name=\"your-email\" \/><\/span>\n<\/p>\n<p><span class=\"wpcf7-form-control-wrap\" data-name=\"Telefono\"><input size=\"40\" maxlength=\"400\" class=\"wpcf7-form-control wpcf7-tel wpcf7-validates-as-required wpcf7-text wpcf7-validates-as-tel\" aria-required=\"true\" aria-invalid=\"false\" placeholder=\"Phone\" value=\"\" type=\"tel\" name=\"Telefono\" \/><\/span>\n<\/p>\n<p><span class=\"wpcf7-form-control-wrap\" data-name=\"your-message\"><textarea cols=\"40\" rows=\"10\" maxlength=\"2000\" class=\"wpcf7-form-control wpcf7-textarea wpcf7-validates-as-required\" aria-required=\"true\" aria-invalid=\"false\" placeholder=\"Message\" name=\"your-message\"><\/textarea><\/span>\n<\/p>\n<p><label><span class=\"wpcf7-form-control-wrap\" data-name=\"consentimiento-privacidad\"><span class=\"wpcf7-form-control wpcf7-acceptance\"><span class=\"wpcf7-list-item\"><input type=\"checkbox\" name=\"consentimiento-privacidad\" value=\"1\" aria-invalid=\"false\" \/><\/span><\/span><\/span> I am over 14 years old and I accept the <a href=\"https:\/\/representgift.com\/aviso-legal-y-politica-de-privacidad\/\">Privacy Policy<\/a><br \/>\n<button class=\"wpcf7-form-control wpcf7-submit has-spinner et_pb_button et_pb_bg_layout_light\" type=\"submit\" value=\"Enviar\">Enviar<\/button><\/label>\n<\/p><input type=\"hidden\" id=\"ct_checkjs_cf7_5751ec3e9a4feab575962e78e006250d\" name=\"ct_checkjs_cf7\" value=\"0\" \/><script >setTimeout(function(){var ct_input_name = \"ct_checkjs_cf7_5751ec3e9a4feab575962e78e006250d\";if (document.getElementById(ct_input_name) !== null) {var ct_input_value = document.getElementById(ct_input_name).value;document.getElementById(ct_input_name).value = document.getElementById(ct_input_name).value.replace(ct_input_value, '3f3461bcec7745cee74eee3e805c70e2957a965f37ecc13a9f9446abbaa64bf6');}}, 1000);<\/script><input\n                    class=\"apbct_special_field apbct_email_id__wp_contact_form_7\"\n                    name=\"apbct__email_id__wp_contact_form_7\"\n                    aria-label=\"apbct__label_id__wp_contact_form_7\"\n                    type=\"text\" size=\"30\" maxlength=\"200\" autocomplete=\"off\"\n                    value=\"\"\n                \/><div class=\"wpcf7-response-output\" aria-hidden=\"true\"><\/div>\n<\/form>\n<\/div>\n\n\t\t\t<\/div>\n\t\t\t\t<\/div>\n\t\t\t<\/div><\/p>\n","protected":false},"author":2,"featured_media":0,"parent":0,"menu_order":0,"comment_status":"closed","ping_status":"closed","template":"","meta":{"_et_pb_use_builder":"on","_et_pb_old_content":"","_et_gb_content_width":"","footnotes":""},"class_list":["post-538","page","type-page","status-publish","hentry"],"yoast_head":"<!-- This site is optimized with the Yoast SEO plugin v27.1.1 - https:\/\/yoast.com\/product\/yoast-seo-wordpress\/ -->\n<title>Contact us - Represent Gift<\/title>\n<meta name=\"robots\" content=\"index, follow, max-snippet:-1, max-image-preview:large, max-video-preview:-1\" \/>\n<link rel=\"canonical\" href=\"https:\/\/representgift.com\/en\/contact-us\/\" \/>\n<meta property=\"og:locale\" content=\"en_US\" \/>\n<meta property=\"og:type\" content=\"article\" \/>\n<meta property=\"og:title\" content=\"Contact us - Represent Gift\" \/>\n<meta property=\"og:description\" content=\"Contact usRe\u00b7Present tienda@representgift.com (+34) 690 93 89 98 https:\/\/representgift.com\/\" \/>\n<meta property=\"og:url\" content=\"https:\/\/representgift.com\/en\/contact-us\/\" \/>\n<meta property=\"og:site_name\" content=\"Represent Gift\" \/>\n<meta property=\"article:modified_time\" content=\"2024-12-30T12:23:37+00:00\" \/>\n<meta name=\"twitter:card\" content=\"summary_large_image\" \/>\n<meta name=\"twitter:label1\" content=\"Est. reading time\" \/>\n\t<meta name=\"twitter:data1\" content=\"4 minutes\" \/>\n<script type=\"application\/ld+json\" class=\"yoast-schema-graph\">{\"@context\":\"https:\/\/schema.org\",\"@graph\":[{\"@type\":\"WebPage\",\"@id\":\"https:\/\/representgift.com\/en\/contact-us\/\",\"url\":\"https:\/\/representgift.com\/en\/contact-us\/\",\"name\":\"Contact us - Represent Gift\",\"isPartOf\":{\"@id\":\"https:\/\/representgift.com\/en\/#website\"},\"datePublished\":\"2024-12-17T17:30:32+00:00\",\"dateModified\":\"2024-12-30T12:23:37+00:00\",\"breadcrumb\":{\"@id\":\"https:\/\/representgift.com\/en\/contact-us\/#breadcrumb\"},\"inLanguage\":\"en-US\",\"potentialAction\":[{\"@type\":\"ReadAction\",\"target\":[\"https:\/\/representgift.com\/en\/contact-us\/\"]}]},{\"@type\":\"BreadcrumbList\",\"@id\":\"https:\/\/representgift.com\/en\/contact-us\/#breadcrumb\",\"itemListElement\":[{\"@type\":\"ListItem\",\"position\":1,\"name\":\"Portada\",\"item\":\"https:\/\/representgift.com\/en\/home\/\"},{\"@type\":\"ListItem\",\"position\":2,\"name\":\"Contact us\"}]},{\"@type\":\"WebSite\",\"@id\":\"https:\/\/representgift.com\/en\/#website\",\"url\":\"https:\/\/representgift.com\/en\/\",\"name\":\"Represent Gift\",\"description\":\"Corporate Gourmet Gift\",\"publisher\":{\"@id\":\"https:\/\/representgift.com\/en\/#organization\"},\"potentialAction\":[{\"@type\":\"SearchAction\",\"target\":{\"@type\":\"EntryPoint\",\"urlTemplate\":\"https:\/\/representgift.com\/en\/?s={search_term_string}\"},\"query-input\":{\"@type\":\"PropertyValueSpecification\",\"valueRequired\":true,\"valueName\":\"search_term_string\"}}],\"inLanguage\":\"en-US\"},{\"@type\":\"Organization\",\"@id\":\"https:\/\/representgift.com\/en\/#organization\",\"name\":\"Represent Gift\",\"url\":\"https:\/\/representgift.com\/en\/\",\"logo\":{\"@type\":\"ImageObject\",\"inLanguage\":\"en-US\",\"@id\":\"https:\/\/representgift.com\/en\/#\/schema\/logo\/image\/\",\"url\":\"https:\/\/representgift.com\/wp-content\/uploads\/2024\/12\/20241217-represent-gift-logo-300.png\",\"contentUrl\":\"https:\/\/representgift.com\/wp-content\/uploads\/2024\/12\/20241217-represent-gift-logo-300.png\",\"width\":300,\"height\":139,\"caption\":\"Represent Gift\"},\"image\":{\"@id\":\"https:\/\/representgift.com\/en\/#\/schema\/logo\/image\/\"}}]}<\/script>\n<!-- \/ Yoast SEO plugin. -->","yoast_head_json":{"title":"Contact us - Represent Gift","robots":{"index":"index","follow":"follow","max-snippet":"max-snippet:-1","max-image-preview":"max-image-preview:large","max-video-preview":"max-video-preview:-1"},"canonical":"https:\/\/representgift.com\/en\/contact-us\/","og_locale":"en_US","og_type":"article","og_title":"Contact us - Represent Gift","og_description":"Contact usRe\u00b7Present tienda@representgift.com (+34) 690 93 89 98 https:\/\/representgift.com\/","og_url":"https:\/\/representgift.com\/en\/contact-us\/","og_site_name":"Represent Gift","article_modified_time":"2024-12-30T12:23:37+00:00","twitter_card":"summary_large_image","twitter_misc":{"Est. reading time":"4 minutes"},"schema":{"@context":"https:\/\/schema.org","@graph":[{"@type":"WebPage","@id":"https:\/\/representgift.com\/en\/contact-us\/","url":"https:\/\/representgift.com\/en\/contact-us\/","name":"Contact us - Represent Gift","isPartOf":{"@id":"https:\/\/representgift.com\/en\/#website"},"datePublished":"2024-12-17T17:30:32+00:00","dateModified":"2024-12-30T12:23:37+00:00","breadcrumb":{"@id":"https:\/\/representgift.com\/en\/contact-us\/#breadcrumb"},"inLanguage":"en-US","potentialAction":[{"@type":"ReadAction","target":["https:\/\/representgift.com\/en\/contact-us\/"]}]},{"@type":"BreadcrumbList","@id":"https:\/\/representgift.com\/en\/contact-us\/#breadcrumb","itemListElement":[{"@type":"ListItem","position":1,"name":"Portada","item":"https:\/\/representgift.com\/en\/home\/"},{"@type":"ListItem","position":2,"name":"Contact us"}]},{"@type":"WebSite","@id":"https:\/\/representgift.com\/en\/#website","url":"https:\/\/representgift.com\/en\/","name":"Represent Gift","description":"Corporate Gourmet Gift","publisher":{"@id":"https:\/\/representgift.com\/en\/#organization"},"potentialAction":[{"@type":"SearchAction","target":{"@type":"EntryPoint","urlTemplate":"https:\/\/representgift.com\/en\/?s={search_term_string}"},"query-input":{"@type":"PropertyValueSpecification","valueRequired":true,"valueName":"search_term_string"}}],"inLanguage":"en-US"},{"@type":"Organization","@id":"https:\/\/representgift.com\/en\/#organization","name":"Represent Gift","url":"https:\/\/representgift.com\/en\/","logo":{"@type":"ImageObject","inLanguage":"en-US","@id":"https:\/\/representgift.com\/en\/#\/schema\/logo\/image\/","url":"https:\/\/representgift.com\/wp-content\/uploads\/2024\/12\/20241217-represent-gift-logo-300.png","contentUrl":"https:\/\/representgift.com\/wp-content\/uploads\/2024\/12\/20241217-represent-gift-logo-300.png","width":300,"height":139,"caption":"Represent Gift"},"image":{"@id":"https:\/\/representgift.com\/en\/#\/schema\/logo\/image\/"}}]}},"_links":{"self":[{"href":"https:\/\/representgift.com\/en\/wp-json\/wp\/v2\/pages\/538","targetHints":{"allow":["GET"]}}],"collection":[{"href":"https:\/\/representgift.com\/en\/wp-json\/wp\/v2\/pages"}],"about":[{"href":"https:\/\/representgift.com\/en\/wp-json\/wp\/v2\/types\/page"}],"author":[{"embeddable":true,"href":"https:\/\/representgift.com\/en\/wp-json\/wp\/v2\/users\/2"}],"replies":[{"embeddable":true,"href":"https:\/\/representgift.com\/en\/wp-json\/wp\/v2\/comments?post=538"}],"version-history":[{"count":6,"href":"https:\/\/representgift.com\/en\/wp-json\/wp\/v2\/pages\/538\/revisions"}],"predecessor-version":[{"id":851,"href":"https:\/\/representgift.com\/en\/wp-json\/wp\/v2\/pages\/538\/revisions\/851"}],"wp:attachment":[{"href":"https:\/\/representgift.com\/en\/wp-json\/wp\/v2\/media?parent=538"}],"curies":[{"name":"wp","href":"https:\/\/api.w.org\/{rel}","templated":true}]}}